{"id":4036,"date":"2023-07-06T16:38:16","date_gmt":"2023-07-06T16:38:16","guid":{"rendered":"https:\/\/www.yuse.fr\/biarritz-baskenland-uber-vtc-taxi\/"},"modified":"2023-08-22T08:49:39","modified_gmt":"2023-08-22T08:49:39","slug":"biarritz-baskenland-uber-vtc-taxi","status":"publish","type":"page","link":"https:\/\/www.yuse.fr\/de\/biarritz-baskenland-uber-vtc-taxi\/","title":{"rendered":"Biarritz baskenland uber vtc taxi"},"content":{"rendered":"\t\t<div data-elementor-type=\"wp-page\" data-elementor-id=\"4036\" class=\"elementor elementor-4036 elementor-848\" data-elementor-post-type=\"page\">\n\t\t\t\t\t\t\t\t\t<section class=\"elementor-section elementor-top-section elementor-element elementor-element-78efbd6 elementor-section-boxed elementor-section-height-default elementor-section-height-default\" data-id=\"78efbd6\" data-element_type=\"section\" data-settings=\"{&quot;background_background&quot;:&quot;classic&quot;}\">\n\t\t\t\t\t\t<div class=\"elementor-container elementor-column-gap-default\">\n\t\t\t\t\t<div class=\"elementor-column elementor-col-100 elementor-top-column elementor-element elementor-element-bd6d73f\" data-id=\"bd6d73f\" data-element_type=\"column\">\n\t\t\t<div class=\"elementor-widget-wrap elementor-element-populated\">\n\t\t\t\t\t\t\t\t<div class=\"elementor-element elementor-element-a2537fe elementor-widget elementor-widget-heading\" data-id=\"a2537fe\" data-element_type=\"widget\" data-widget_type=\"heading.default\">\n\t\t\t\t<div class=\"elementor-widget-container\">\n\t\t\t<style>\/*! elementor - v3.14.0 - 18-06-2023 *\/\n.elementor-heading-title{padding:0;margin:0;line-height:1}.elementor-widget-heading .elementor-heading-title[class*=elementor-size-]>a{color:inherit;font-size:inherit;line-height:inherit}.elementor-widget-heading .elementor-heading-title.elementor-size-small{font-size:15px}.elementor-widget-heading .elementor-heading-title.elementor-size-medium{font-size:19px}.elementor-widget-heading .elementor-heading-title.elementor-size-large{font-size:29px}.elementor-widget-heading .elementor-heading-title.elementor-size-xl{font-size:39px}.elementor-widget-heading .elementor-heading-title.elementor-size-xxl{font-size:59px}<\/style><h2 class=\"elementor-heading-title elementor-size-default\">Einige Ideen f\u00fcr St\u00e4dte, die ich mit YUSE im Baskenland besuchen k\u00f6nnte...\nTransfer 7 Tage die Woche und 24 Stunden am Tag von 1 bis 7 Personen in einem Auto oder Van mit privatem Fahrer<\/h2>\t\t<\/div>\n\t\t\t\t<\/div>\n\t\t\t\t\t<\/div>\n\t\t<\/div>\n\t\t\t\t\t\t\t<\/div>\n\t\t<\/section>\n\t\t\t\t<section class=\"elementor-section elementor-top-section elementor-element elementor-element-52fe783 elementor-section-boxed elementor-section-height-default elementor-section-height-default\" data-id=\"52fe783\" data-element_type=\"section\">\n\t\t\t\t\t\t<div class=\"elementor-container elementor-column-gap-default\">\n\t\t\t\t\t<div class=\"elementor-column elementor-col-33 elementor-top-column elementor-element elementor-element-168dfc9\" data-id=\"168dfc9\" data-element_type=\"column\">\n\t\t\t<div class=\"elementor-widget-wrap elementor-element-populated\">\n\t\t\t\t\t\t\t\t<div class=\"elementor-element elementor-element-4618b2d elementor-widget elementor-widget-image\" data-id=\"4618b2d\" data-element_type=\"widget\" data-widget_type=\"image.default\">\n\t\t\t\t<div class=\"elementor-widget-container\">\n\t\t\t<style>\/*! elementor - v3.14.0 - 18-06-2023 *\/\n.elementor-widget-image{text-align:center}.elementor-widget-image a{display:inline-block}.elementor-widget-image a img[src$=\".svg\"]{width:48px}.elementor-widget-image img{vertical-align:middle;display:inline-block}<\/style>\t\t\t\t\t\t\t\t\t\t\t\t\t<a href=\"https:\/\/www.yuse.fr\/transfert-taxi-vtc-uber-anglet\/\">\n\t\t\t\t\t\t\t<img loading=\"lazy\" decoding=\"async\" width=\"313\" height=\"313\" src=\"https:\/\/www.yuse.fr\/wp-content\/uploads\/2023\/07\/f87185_f66fd32707324788a040f00f73158ee3mv2.webp\" class=\"attachment-large size-large wp-image-2148\" alt=\"\" srcset=\"https:\/\/www.yuse.fr\/wp-content\/uploads\/2023\/07\/f87185_f66fd32707324788a040f00f73158ee3mv2.webp 313w, https:\/\/www.yuse.fr\/wp-content\/uploads\/2023\/07\/f87185_f66fd32707324788a040f00f73158ee3mv2-300x300.webp 300w, https:\/\/www.yuse.fr\/wp-content\/uploads\/2023\/07\/f87185_f66fd32707324788a040f00f73158ee3mv2-150x150.webp 150w\" sizes=\"auto, (max-width: 313px) 100vw, 313px\" \/>\t\t\t\t\t\t\t\t<\/a>\n\t\t\t\t\t\t\t\t\t\t\t\t\t\t\t<\/div>\n\t\t\t\t<\/div>\n\t\t\t\t<div class=\"elementor-element elementor-element-58c3d32 elementor-widget elementor-widget-text-editor\" data-id=\"58c3d32\" data-element_type=\"widget\" data-widget_type=\"text-editor.default\">\n\t\t\t\t<div class=\"elementor-widget-container\">\n\t\t\t<style>\/*! elementor - v3.14.0 - 18-06-2023 *\/\n.elementor-widget-text-editor.elementor-drop-cap-view-stacked .elementor-drop-cap{background-color:#69727d;color:#fff}.elementor-widget-text-editor.elementor-drop-cap-view-framed .elementor-drop-cap{color:#69727d;border:3px solid;background-color:transparent}.elementor-widget-text-editor:not(.elementor-drop-cap-view-default) .elementor-drop-cap{margin-top:8px}.elementor-widget-text-editor:not(.elementor-drop-cap-view-default) .elementor-drop-cap-letter{width:1em;height:1em}.elementor-widget-text-editor .elementor-drop-cap{float:left;text-align:center;line-height:1;font-size:50px}.elementor-widget-text-editor .elementor-drop-cap-letter{display:inline-block}<\/style>\t\t\t\t<p><strong>Anglet<\/strong><\/p>\n<p>Ich bewege mich<\/p>\n\t\t\t\t\t\t<\/div>\n\t\t\t\t<\/div>\n\t\t\t\t\t<\/div>\n\t\t<\/div>\n\t\t\t\t<div class=\"elementor-column elementor-col-33 elementor-top-column elementor-element elementor-element-4be09c5\" data-id=\"4be09c5\" data-element_type=\"column\">\n\t\t\t<div class=\"elementor-widget-wrap elementor-element-populated\">\n\t\t\t\t\t\t\t\t<div class=\"elementor-element elementor-element-5fbf90e elementor-widget elementor-widget-image\" data-id=\"5fbf90e\" data-element_type=\"widget\" data-widget_type=\"image.default\">\n\t\t\t\t<div class=\"elementor-widget-container\">\n\t\t\t\t\t\t\t\t\t\t\t\t\t\t\t\t<a href=\"https:\/\/www.yuse.fr\/transfert-biarritz-taxi-vtc-uber\/\">\n\t\t\t\t\t\t\t<img loading=\"lazy\" decoding=\"async\" width=\"314\" height=\"313\" src=\"https:\/\/www.yuse.fr\/wp-content\/uploads\/2023\/07\/f87185_07d71bc5231a4cd7b703b2ff6d39a789mv2_d_2000_1328_s_2.webp\" class=\"attachment-large size-large wp-image-2151\" alt=\"\" srcset=\"https:\/\/www.yuse.fr\/wp-content\/uploads\/2023\/07\/f87185_07d71bc5231a4cd7b703b2ff6d39a789mv2_d_2000_1328_s_2.webp 314w, https:\/\/www.yuse.fr\/wp-content\/uploads\/2023\/07\/f87185_07d71bc5231a4cd7b703b2ff6d39a789mv2_d_2000_1328_s_2-300x300.webp 300w, https:\/\/www.yuse.fr\/wp-content\/uploads\/2023\/07\/f87185_07d71bc5231a4cd7b703b2ff6d39a789mv2_d_2000_1328_s_2-150x150.webp 150w\" sizes=\"auto, (max-width: 314px) 100vw, 314px\" \/>\t\t\t\t\t\t\t\t<\/a>\n\t\t\t\t\t\t\t\t\t\t\t\t\t\t\t<\/div>\n\t\t\t\t<\/div>\n\t\t\t\t<div class=\"elementor-element elementor-element-2b4248a elementor-widget elementor-widget-text-editor\" data-id=\"2b4248a\" data-element_type=\"widget\" data-widget_type=\"text-editor.default\">\n\t\t\t\t<div class=\"elementor-widget-container\">\n\t\t\t\t\t\t\t<p><strong><span style=\"color: var( --e-global-color-text ); font-family: var( --e-global-typography-text-font-family ), Sans-serif; font-size: var( --e-global-typography-text-font-size ); font-style: var( --e-global-typography-text-font-style ); letter-spacing: var( --e-global-typography-text-letter-spacing ); text-transform: var( --e-global-typography-text-text-transform ); background-color: var( --e-global-color-c696dce );\">Biarritz<\/span><\/strong><\/p>\n<p><span style=\"color: var( --e-global-color-text ); font-family: var( --e-global-typography-text-font-family ), Sans-serif; font-size: var( --e-global-typography-text-font-size ); font-style: var( --e-global-typography-text-font-style ); font-weight: var( --e-global-typography-text-font-weight ); letter-spacing: var( --e-global-typography-text-letter-spacing ); text-transform: var( --e-global-typography-text-text-transform ); background-color: var( --e-global-color-c696dce );\">Ich bewege mich<\/span><\/p>\n\t\t\t\t\t\t<\/div>\n\t\t\t\t<\/div>\n\t\t\t\t\t<\/div>\n\t\t<\/div>\n\t\t\t\t<div class=\"elementor-column elementor-col-33 elementor-top-column elementor-element elementor-element-9343863\" data-id=\"9343863\" data-element_type=\"column\">\n\t\t\t<div class=\"elementor-widget-wrap elementor-element-populated\">\n\t\t\t\t\t\t\t\t<div class=\"elementor-element elementor-element-1b8deab elementor-widget elementor-widget-image\" data-id=\"1b8deab\" data-element_type=\"widget\" data-widget_type=\"image.default\">\n\t\t\t\t<div class=\"elementor-widget-container\">\n\t\t\t\t\t\t\t\t\t\t\t\t\t\t\t\t<a href=\"https:\/\/www.yuse.fr\/transfert-taxi-vtc-uber-bayonne\/\">\n\t\t\t\t\t\t\t<img loading=\"lazy\" decoding=\"async\" width=\"313\" height=\"313\" src=\"https:\/\/www.yuse.fr\/wp-content\/uploads\/2023\/07\/f87185_ca7451312d254b6ca3ba0461b1237813mv2.webp\" class=\"attachment-large size-large wp-image-2154\" alt=\"\" srcset=\"https:\/\/www.yuse.fr\/wp-content\/uploads\/2023\/07\/f87185_ca7451312d254b6ca3ba0461b1237813mv2.webp 313w, https:\/\/www.yuse.fr\/wp-content\/uploads\/2023\/07\/f87185_ca7451312d254b6ca3ba0461b1237813mv2-300x300.webp 300w, https:\/\/www.yuse.fr\/wp-content\/uploads\/2023\/07\/f87185_ca7451312d254b6ca3ba0461b1237813mv2-150x150.webp 150w\" sizes=\"auto, (max-width: 313px) 100vw, 313px\" \/>\t\t\t\t\t\t\t\t<\/a>\n\t\t\t\t\t\t\t\t\t\t\t\t\t\t\t<\/div>\n\t\t\t\t<\/div>\n\t\t\t\t<div class=\"elementor-element elementor-element-51b029b elementor-widget elementor-widget-text-editor\" data-id=\"51b029b\" data-element_type=\"widget\" data-widget_type=\"text-editor.default\">\n\t\t\t\t<div class=\"elementor-widget-container\">\n\t\t\t\t\t\t\t<p><strong><span style=\"background-color: var( --e-global-color-c696dce ); color: var( --e-global-color-text ); font-family: var( --e-global-typography-text-font-family ), Sans-serif; font-size: var( --e-global-typography-text-font-size ); font-style: var( --e-global-typography-text-font-style ); letter-spacing: var( --e-global-typography-text-letter-spacing ); text-transform: var( --e-global-typography-text-text-transform );\">Bayonne<\/span><\/strong><\/p>\n<p><span style=\"background-color: var( --e-global-color-c696dce ); color: var( --e-global-color-text ); font-family: var( --e-global-typography-text-font-family ), Sans-serif; font-size: var( --e-global-typography-text-font-size ); font-style: var( --e-global-typography-text-font-style ); font-weight: var( --e-global-typography-text-font-weight ); letter-spacing: var( --e-global-typography-text-letter-spacing ); text-transform: var( --e-global-typography-text-text-transform );\">Ich bewege mich<\/span><\/p>\n\t\t\t\t\t\t<\/div>\n\t\t\t\t<\/div>\n\t\t\t\t\t<\/div>\n\t\t<\/div>\n\t\t\t\t\t\t\t<\/div>\n\t\t<\/section>\n\t\t\t\t<section class=\"elementor-section elementor-top-section elementor-element elementor-element-41c9455 elementor-section-boxed elementor-section-height-default elementor-section-height-default\" data-id=\"41c9455\" data-element_type=\"section\">\n\t\t\t\t\t\t<div class=\"elementor-container elementor-column-gap-default\">\n\t\t\t\t\t<div class=\"elementor-column elementor-col-33 elementor-top-column elementor-element elementor-element-ea41322\" data-id=\"ea41322\" data-element_type=\"column\">\n\t\t\t<div class=\"elementor-widget-wrap elementor-element-populated\">\n\t\t\t\t\t\t\t\t<div class=\"elementor-element elementor-element-add03ab elementor-widget elementor-widget-image\" data-id=\"add03ab\" data-element_type=\"widget\" data-widget_type=\"image.default\">\n\t\t\t\t<div class=\"elementor-widget-container\">\n\t\t\t\t\t\t\t\t\t\t\t\t\t\t\t\t<a href=\"https:\/\/www.yuse.fr\/transfert-taxi-vtc-guethary\/\">\n\t\t\t\t\t\t\t<img loading=\"lazy\" decoding=\"async\" width=\"313\" height=\"313\" src=\"https:\/\/www.yuse.fr\/wp-content\/uploads\/2023\/07\/f87185_6efbc12d984942e2a1c36fcc017bbc3emv2.webp\" class=\"attachment-large size-large wp-image-2157\" alt=\"\" srcset=\"https:\/\/www.yuse.fr\/wp-content\/uploads\/2023\/07\/f87185_6efbc12d984942e2a1c36fcc017bbc3emv2.webp 313w, https:\/\/www.yuse.fr\/wp-content\/uploads\/2023\/07\/f87185_6efbc12d984942e2a1c36fcc017bbc3emv2-300x300.webp 300w, https:\/\/www.yuse.fr\/wp-content\/uploads\/2023\/07\/f87185_6efbc12d984942e2a1c36fcc017bbc3emv2-150x150.webp 150w\" sizes=\"auto, (max-width: 313px) 100vw, 313px\" \/>\t\t\t\t\t\t\t\t<\/a>\n\t\t\t\t\t\t\t\t\t\t\t\t\t\t\t<\/div>\n\t\t\t\t<\/div>\n\t\t\t\t<div class=\"elementor-element elementor-element-85aefdb elementor-widget elementor-widget-text-editor\" data-id=\"85aefdb\" data-element_type=\"widget\" data-widget_type=\"text-editor.default\">\n\t\t\t\t<div class=\"elementor-widget-container\">\n\t\t\t\t\t\t\t<p><strong>Gu\u00e9thary<\/strong><\/p>\n<p>Ich bewege mich<\/p>\n\t\t\t\t\t\t<\/div>\n\t\t\t\t<\/div>\n\t\t\t\t\t<\/div>\n\t\t<\/div>\n\t\t\t\t<div class=\"elementor-column elementor-col-33 elementor-top-column elementor-element elementor-element-da619a3\" data-id=\"da619a3\" data-element_type=\"column\">\n\t\t\t<div class=\"elementor-widget-wrap elementor-element-populated\">\n\t\t\t\t\t\t\t\t<div class=\"elementor-element elementor-element-9766d8a elementor-widget elementor-widget-image\" data-id=\"9766d8a\" data-element_type=\"widget\" data-widget_type=\"image.default\">\n\t\t\t\t<div class=\"elementor-widget-container\">\n\t\t\t\t\t\t\t\t\t\t\t\t\t\t\t\t<a href=\"https:\/\/www.yuse.fr\/transfert-taxi-vtc-saint-jean-pied-de-port\/\">\n\t\t\t\t\t\t\t<img loading=\"lazy\" decoding=\"async\" width=\"314\" height=\"313\" src=\"https:\/\/www.yuse.fr\/wp-content\/uploads\/2023\/07\/f87185_2877ba3413b94d889f9e3c3b18eb749fmv2.webp\" class=\"attachment-large size-large wp-image-2160\" alt=\"\" srcset=\"https:\/\/www.yuse.fr\/wp-content\/uploads\/2023\/07\/f87185_2877ba3413b94d889f9e3c3b18eb749fmv2.webp 314w, https:\/\/www.yuse.fr\/wp-content\/uploads\/2023\/07\/f87185_2877ba3413b94d889f9e3c3b18eb749fmv2-300x300.webp 300w, https:\/\/www.yuse.fr\/wp-content\/uploads\/2023\/07\/f87185_2877ba3413b94d889f9e3c3b18eb749fmv2-150x150.webp 150w\" sizes=\"auto, (max-width: 314px) 100vw, 314px\" \/>\t\t\t\t\t\t\t\t<\/a>\n\t\t\t\t\t\t\t\t\t\t\t\t\t\t\t<\/div>\n\t\t\t\t<\/div>\n\t\t\t\t<div class=\"elementor-element elementor-element-aa0cf7d elementor-widget elementor-widget-text-editor\" data-id=\"aa0cf7d\" data-element_type=\"widget\" data-widget_type=\"text-editor.default\">\n\t\t\t\t<div class=\"elementor-widget-container\">\n\t\t\t\t\t\t\t<p><strong>Saint Jean Pied de Port<\/strong><\/p>\n<p>Ich bewege mich<\/p>\n\t\t\t\t\t\t<\/div>\n\t\t\t\t<\/div>\n\t\t\t\t\t<\/div>\n\t\t<\/div>\n\t\t\t\t<div class=\"elementor-column elementor-col-33 elementor-top-column elementor-element elementor-element-82dba59\" data-id=\"82dba59\" data-element_type=\"column\">\n\t\t\t<div class=\"elementor-widget-wrap\">\n\t\t\t\t\t\t\t\t\t<\/div>\n\t\t<\/div>\n\t\t\t\t\t\t\t<\/div>\n\t\t<\/section>\n\t\t\t\t\t\t\t<\/div>\n\t\t","protected":false},"excerpt":{"rendered":"<p>Einige Ideen f\u00fcr St\u00e4dte, die ich mit YUSE im Baskenland besuchen k\u00f6nnte&#8230; Transfer 7 Tage die Woche und 24 Stunden am Tag von 1 bis 7 Personen in einem Auto oder Van mit privatem Fahrer Anglet Ich bewege mich Biarritz Ich bewege mich Bayonne Ich bewege mich Gu\u00e9thary Ich bewege mich Saint Jean Pied de [&hellip;]<\/p>\n","protected":false},"author":1,"featured_media":0,"parent":0,"menu_order":0,"comment_status":"closed","ping_status":"closed","template":"","meta":{"footnotes":""},"class_list":["post-4036","page","type-page","status-publish","hentry"],"yoast_head":"<!-- This site is optimized with the Yoast SEO plugin v21.1 - https:\/\/yoast.com\/wordpress\/plugins\/seo\/ -->\n<title>Biarritz baskenland uber vtc taxi - Application YUSE vos chauffeurs VTC 7\/24 - Biarritz Anglet Bayonne BAB<\/title>\n<meta name=\"robots\" content=\"index, follow, max-snippet:-1, max-image-preview:large, max-video-preview:-1\" \/>\n<link rel=\"canonical\" href=\"https:\/\/www.yuse.fr\/de\/biarritz-baskenland-uber-vtc-taxi\/\" \/>\n<meta property=\"og:locale\" content=\"de_DE\" \/>\n<meta property=\"og:type\" content=\"article\" \/>\n<meta property=\"og:title\" content=\"Biarritz baskenland uber vtc taxi - Application YUSE vos chauffeurs VTC 7\/24 - Biarritz Anglet Bayonne BAB\" \/>\n<meta property=\"og:description\" content=\"Einige Ideen f\u00fcr St\u00e4dte, die ich mit YUSE im Baskenland besuchen k\u00f6nnte&#8230; Transfer 7 Tage die Woche und 24 Stunden am Tag von 1 bis 7 Personen in einem Auto oder Van mit privatem Fahrer Anglet Ich bewege mich Biarritz Ich bewege mich Bayonne Ich bewege mich Gu\u00e9thary Ich bewege mich Saint Jean Pied de [&hellip;]\" \/>\n<meta property=\"og:url\" content=\"https:\/\/www.yuse.fr\/de\/biarritz-baskenland-uber-vtc-taxi\/\" \/>\n<meta property=\"og:site_name\" content=\"Application YUSE vos chauffeurs VTC 7\/24 - Biarritz Anglet Bayonne BAB\" \/>\n<meta property=\"article:modified_time\" content=\"2023-08-22T08:49:39+00:00\" \/>\n<meta property=\"og:image\" content=\"https:\/\/www.yuse.fr\/wp-content\/uploads\/2023\/07\/f87185_f66fd32707324788a040f00f73158ee3mv2.webp\" \/>\n<meta name=\"twitter:card\" content=\"summary_large_image\" \/>\n<script type=\"application\/ld+json\" class=\"yoast-schema-graph\">{\"@context\":\"https:\/\/schema.org\",\"@graph\":[{\"@type\":\"WebPage\",\"@id\":\"https:\/\/www.yuse.fr\/de\/biarritz-baskenland-uber-vtc-taxi\/\",\"url\":\"https:\/\/www.yuse.fr\/de\/biarritz-baskenland-uber-vtc-taxi\/\",\"name\":\"Biarritz baskenland uber vtc taxi - Application YUSE vos chauffeurs VTC 7\/24 - Biarritz Anglet Bayonne BAB\",\"isPartOf\":{\"@id\":\"https:\/\/www.yuse.fr\/de\/#website\"},\"datePublished\":\"2023-07-06T16:38:16+00:00\",\"dateModified\":\"2023-08-22T08:49:39+00:00\",\"breadcrumb\":{\"@id\":\"https:\/\/www.yuse.fr\/de\/biarritz-baskenland-uber-vtc-taxi\/#breadcrumb\"},\"inLanguage\":\"de\",\"potentialAction\":[{\"@type\":\"ReadAction\",\"target\":[\"https:\/\/www.yuse.fr\/de\/biarritz-baskenland-uber-vtc-taxi\/\"]}]},{\"@type\":\"BreadcrumbList\",\"@id\":\"https:\/\/www.yuse.fr\/de\/biarritz-baskenland-uber-vtc-taxi\/#breadcrumb\",\"itemListElement\":[{\"@type\":\"ListItem\",\"position\":1,\"name\":\"Accueil\",\"item\":\"https:\/\/www.yuse.fr\/de\/\"},{\"@type\":\"ListItem\",\"position\":2,\"name\":\"Biarritz baskenland uber vtc taxi\"}]},{\"@type\":\"WebSite\",\"@id\":\"https:\/\/www.yuse.fr\/de\/#website\",\"url\":\"https:\/\/www.yuse.fr\/de\/\",\"name\":\"Application YUSE vos chauffeurs VTC 7\/24 - Biarritz Anglet Bayonne BAB\",\"description\":\"Yuse\",\"publisher\":{\"@id\":\"https:\/\/www.yuse.fr\/de\/#organization\"},\"potentialAction\":[{\"@type\":\"SearchAction\",\"target\":{\"@type\":\"EntryPoint\",\"urlTemplate\":\"https:\/\/www.yuse.fr\/de\/?s={search_term_string}\"},\"query-input\":\"required name=search_term_string\"}],\"inLanguage\":\"de\"},{\"@type\":\"Organization\",\"@id\":\"https:\/\/www.yuse.fr\/de\/#organization\",\"name\":\"Application YUSE vos chauffeurs VTC 7\/24 - Biarritz Anglet Bayonne BAB\",\"url\":\"https:\/\/www.yuse.fr\/de\/\",\"logo\":{\"@type\":\"ImageObject\",\"inLanguage\":\"de\",\"@id\":\"https:\/\/www.yuse.fr\/de\/#\/schema\/logo\/image\/\",\"url\":\"https:\/\/www.yuse.fr\/wp-content\/uploads\/2023\/06\/Design-sans-titre-77.png\",\"contentUrl\":\"https:\/\/www.yuse.fr\/wp-content\/uploads\/2023\/06\/Design-sans-titre-77.png\",\"width\":350,\"height\":100,\"caption\":\"Application YUSE vos chauffeurs VTC 7\/24 - Biarritz Anglet Bayonne BAB\"},\"image\":{\"@id\":\"https:\/\/www.yuse.fr\/de\/#\/schema\/logo\/image\/\"}}]}<\/script>\n<!-- \/ Yoast SEO plugin. -->","yoast_head_json":{"title":"Biarritz baskenland uber vtc taxi - Application YUSE vos chauffeurs VTC 7\/24 - Biarritz Anglet Bayonne BAB","robots":{"index":"index","follow":"follow","max-snippet":"max-snippet:-1","max-image-preview":"max-image-preview:large","max-video-preview":"max-video-preview:-1"},"canonical":"https:\/\/www.yuse.fr\/de\/biarritz-baskenland-uber-vtc-taxi\/","og_locale":"de_DE","og_type":"article","og_title":"Biarritz baskenland uber vtc taxi - Application YUSE vos chauffeurs VTC 7\/24 - Biarritz Anglet Bayonne BAB","og_description":"Einige Ideen f\u00fcr St\u00e4dte, die ich mit YUSE im Baskenland besuchen k\u00f6nnte&#8230; Transfer 7 Tage die Woche und 24 Stunden am Tag von 1 bis 7 Personen in einem Auto oder Van mit privatem Fahrer Anglet Ich bewege mich Biarritz Ich bewege mich Bayonne Ich bewege mich Gu\u00e9thary Ich bewege mich Saint Jean Pied de [&hellip;]","og_url":"https:\/\/www.yuse.fr\/de\/biarritz-baskenland-uber-vtc-taxi\/","og_site_name":"Application YUSE vos chauffeurs VTC 7\/24 - Biarritz Anglet Bayonne BAB","article_modified_time":"2023-08-22T08:49:39+00:00","og_image":[{"url":"https:\/\/www.yuse.fr\/wp-content\/uploads\/2023\/07\/f87185_f66fd32707324788a040f00f73158ee3mv2.webp"}],"twitter_card":"summary_large_image","schema":{"@context":"https:\/\/schema.org","@graph":[{"@type":"WebPage","@id":"https:\/\/www.yuse.fr\/de\/biarritz-baskenland-uber-vtc-taxi\/","url":"https:\/\/www.yuse.fr\/de\/biarritz-baskenland-uber-vtc-taxi\/","name":"Biarritz baskenland uber vtc taxi - Application YUSE vos chauffeurs VTC 7\/24 - Biarritz Anglet Bayonne BAB","isPartOf":{"@id":"https:\/\/www.yuse.fr\/de\/#website"},"datePublished":"2023-07-06T16:38:16+00:00","dateModified":"2023-08-22T08:49:39+00:00","breadcrumb":{"@id":"https:\/\/www.yuse.fr\/de\/biarritz-baskenland-uber-vtc-taxi\/#breadcrumb"},"inLanguage":"de","potentialAction":[{"@type":"ReadAction","target":["https:\/\/www.yuse.fr\/de\/biarritz-baskenland-uber-vtc-taxi\/"]}]},{"@type":"BreadcrumbList","@id":"https:\/\/www.yuse.fr\/de\/biarritz-baskenland-uber-vtc-taxi\/#breadcrumb","itemListElement":[{"@type":"ListItem","position":1,"name":"Accueil","item":"https:\/\/www.yuse.fr\/de\/"},{"@type":"ListItem","position":2,"name":"Biarritz baskenland uber vtc taxi"}]},{"@type":"WebSite","@id":"https:\/\/www.yuse.fr\/de\/#website","url":"https:\/\/www.yuse.fr\/de\/","name":"Application YUSE vos chauffeurs VTC 7\/24 - Biarritz Anglet Bayonne BAB","description":"Yuse","publisher":{"@id":"https:\/\/www.yuse.fr\/de\/#organization"},"potentialAction":[{"@type":"SearchAction","target":{"@type":"EntryPoint","urlTemplate":"https:\/\/www.yuse.fr\/de\/?s={search_term_string}"},"query-input":"required name=search_term_string"}],"inLanguage":"de"},{"@type":"Organization","@id":"https:\/\/www.yuse.fr\/de\/#organization","name":"Application YUSE vos chauffeurs VTC 7\/24 - Biarritz Anglet Bayonne BAB","url":"https:\/\/www.yuse.fr\/de\/","logo":{"@type":"ImageObject","inLanguage":"de","@id":"https:\/\/www.yuse.fr\/de\/#\/schema\/logo\/image\/","url":"https:\/\/www.yuse.fr\/wp-content\/uploads\/2023\/06\/Design-sans-titre-77.png","contentUrl":"https:\/\/www.yuse.fr\/wp-content\/uploads\/2023\/06\/Design-sans-titre-77.png","width":350,"height":100,"caption":"Application YUSE vos chauffeurs VTC 7\/24 - Biarritz Anglet Bayonne BAB"},"image":{"@id":"https:\/\/www.yuse.fr\/de\/#\/schema\/logo\/image\/"}}]}},"_links":{"self":[{"href":"https:\/\/www.yuse.fr\/de\/wp-json\/wp\/v2\/pages\/4036","targetHints":{"allow":["GET"]}}],"collection":[{"href":"https:\/\/www.yuse.fr\/de\/wp-json\/wp\/v2\/pages"}],"about":[{"href":"https:\/\/www.yuse.fr\/de\/wp-json\/wp\/v2\/types\/page"}],"author":[{"embeddable":true,"href":"https:\/\/www.yuse.fr\/de\/wp-json\/wp\/v2\/users\/1"}],"replies":[{"embeddable":true,"href":"https:\/\/www.yuse.fr\/de\/wp-json\/wp\/v2\/comments?post=4036"}],"version-history":[{"count":3,"href":"https:\/\/www.yuse.fr\/de\/wp-json\/wp\/v2\/pages\/4036\/revisions"}],"predecessor-version":[{"id":4044,"href":"https:\/\/www.yuse.fr\/de\/wp-json\/wp\/v2\/pages\/4036\/revisions\/4044"}],"wp:attachment":[{"href":"https:\/\/www.yuse.fr\/de\/wp-json\/wp\/v2\/media?parent=4036"}],"curies":[{"name":"wp","href":"https:\/\/api.w.org\/{rel}","templated":true}]}}