{"id":4085,"date":"2023-07-09T15:01:32","date_gmt":"2023-07-09T15:01:32","guid":{"rendered":"https:\/\/www.yuse.fr\/transfer-taxi-vtc-uber-bayonne\/"},"modified":"2023-08-22T08:57:47","modified_gmt":"2023-08-22T08:57:47","slug":"transfer-taxi-vtc-uber-bayonne","status":"publish","type":"page","link":"https:\/\/www.yuse.fr\/de\/transfer-taxi-vtc-uber-bayonne\/","title":{"rendered":"transfer taxi vtc uber bayonne"},"content":{"rendered":"\t\t<div data-elementor-type=\"wp-page\" data-elementor-id=\"4085\" class=\"elementor elementor-4085 elementor-1084\" data-elementor-post-type=\"page\">\n\t\t\t\t\t\t\t\t\t<section class=\"elementor-section elementor-top-section elementor-element elementor-element-bbe21a5 elementor-section-boxed elementor-section-height-default elementor-section-height-default\" data-id=\"bbe21a5\" data-element_type=\"section\">\n\t\t\t\t\t\t<div class=\"elementor-container elementor-column-gap-default\">\n\t\t\t\t\t<div class=\"elementor-column elementor-col-100 elementor-top-column elementor-element elementor-element-0b2028c\" data-id=\"0b2028c\" data-element_type=\"column\">\n\t\t\t<div class=\"elementor-widget-wrap elementor-element-populated\">\n\t\t\t\t\t\t\t\t<div class=\"elementor-element elementor-element-f28dee8 elementor-widget elementor-widget-heading\" data-id=\"f28dee8\" data-element_type=\"widget\" data-widget_type=\"heading.default\">\n\t\t\t\t<div class=\"elementor-widget-container\">\n\t\t\t<style>\/*! elementor - v3.14.0 - 18-06-2023 *\/\n.elementor-heading-title{padding:0;margin:0;line-height:1}.elementor-widget-heading .elementor-heading-title[class*=elementor-size-]>a{color:inherit;font-size:inherit;line-height:inherit}.elementor-widget-heading .elementor-heading-title.elementor-size-small{font-size:15px}.elementor-widget-heading .elementor-heading-title.elementor-size-medium{font-size:19px}.elementor-widget-heading .elementor-heading-title.elementor-size-large{font-size:29px}.elementor-widget-heading .elementor-heading-title.elementor-size-xl{font-size:39px}.elementor-widget-heading .elementor-heading-title.elementor-size-xxl{font-size:59px}<\/style><h2 class=\"elementor-heading-title elementor-size-default\">Transfer nach Bayonne<\/h2>\t\t<\/div>\n\t\t\t\t<\/div>\n\t\t\t\t<div class=\"elementor-element elementor-element-ee41962 elementor-widget elementor-widget-image\" data-id=\"ee41962\" data-element_type=\"widget\" data-widget_type=\"image.default\">\n\t\t\t\t<div class=\"elementor-widget-container\">\n\t\t\t<style>\/*! elementor - v3.14.0 - 18-06-2023 *\/\n.elementor-widget-image{text-align:center}.elementor-widget-image a{display:inline-block}.elementor-widget-image a img[src$=\".svg\"]{width:48px}.elementor-widget-image img{vertical-align:middle;display:inline-block}<\/style>\t\t\t\t\t\t\t\t\t\t\t\t<img loading=\"lazy\" decoding=\"async\" width=\"639\" height=\"295\" src=\"https:\/\/www.yuse.fr\/wp-content\/uploads\/2023\/07\/fetes-de-bayonne.webp\" class=\"attachment-large size-large wp-image-2343\" alt=\"\" srcset=\"https:\/\/www.yuse.fr\/wp-content\/uploads\/2023\/07\/fetes-de-bayonne.webp 639w, https:\/\/www.yuse.fr\/wp-content\/uploads\/2023\/07\/fetes-de-bayonne-300x138.webp 300w\" sizes=\"auto, (max-width: 639px) 100vw, 639px\" \/>\t\t\t\t\t\t\t\t\t\t\t\t\t\t\t<\/div>\n\t\t\t\t<\/div>\n\t\t\t\t<div class=\"elementor-element elementor-element-a55ed17 elementor-widget elementor-widget-image\" data-id=\"a55ed17\" data-element_type=\"widget\" data-widget_type=\"image.default\">\n\t\t\t\t<div class=\"elementor-widget-container\">\n\t\t\t\t\t\t\t\t\t\t\t\t\t\t\t<img loading=\"lazy\" decoding=\"async\" width=\"220\" height=\"102\" src=\"https:\/\/www.yuse.fr\/wp-content\/uploads\/2023\/07\/Bayonne-nouveau.webp\" class=\"attachment-large size-large wp-image-2346\" alt=\"\" \/>\t\t\t\t\t\t\t\t\t\t\t\t\t\t\t<\/div>\n\t\t\t\t<\/div>\n\t\t\t\t<div class=\"elementor-element elementor-element-e06dcd5 elementor-widget elementor-widget-text-editor\" data-id=\"e06dcd5\" data-element_type=\"widget\" data-widget_type=\"text-editor.default\">\n\t\t\t\t<div class=\"elementor-widget-container\">\n\t\t\t<style>\/*! elementor - v3.14.0 - 18-06-2023 *\/\n.elementor-widget-text-editor.elementor-drop-cap-view-stacked .elementor-drop-cap{background-color:#69727d;color:#fff}.elementor-widget-text-editor.elementor-drop-cap-view-framed .elementor-drop-cap{color:#69727d;border:3px solid;background-color:transparent}.elementor-widget-text-editor:not(.elementor-drop-cap-view-default) .elementor-drop-cap{margin-top:8px}.elementor-widget-text-editor:not(.elementor-drop-cap-view-default) .elementor-drop-cap-letter{width:1em;height:1em}.elementor-widget-text-editor .elementor-drop-cap{float:left;text-align:center;line-height:1;font-size:50px}.elementor-widget-text-editor .elementor-drop-cap-letter{display:inline-block}<\/style>\t\t\t\t<p>Bayonne, eine Stadt im Baskenland in der Region S\u00fcdwestfrankreich. Sie liegt am Zusammenfluss der Fl\u00fcsse Nive und Adour.<\/p>\n<p>Es gibt zwei historische Stadtviertel, die man das kleine und das gro\u00dfe Bayonne nennt.<\/p>\n<p>Der von Grand Bayonne zeichnet sich durch seine engen mittelalterlichen Stra\u00dfen aus. Hier stehen die gotische Kathedrale Notre-Dame (oder Sainte-Marie) mit ihrem Kreuzgang aus dem 13. Jahrhundert und das Ch\u00e2teau-Vieux (Alte Burg).<\/p>\n<p>Auf der anderen Seite der Nive befindet sich das Viertel Petit Bayonne. Hier k\u00f6nnen Sie das Baskenmuseum und das Museum der Geschichte von Bayonne besuchen, das der Kunst, dem Handwerk und den Traditionen der Region gewidmet ist.<\/p>\n<p>Der Beginn der Touristensaison l\u00e4utet mit der seit 1462 stattfindenden Foire au Jambon de Bayonne, der Schinkenmesse von Bayonne. J\u00e4hrlich findet ein Wettbewerb statt, bei dem der beste Bayonne-Schinken gew\u00e4hlt wird. Dort k\u00f6nnen Sie lokale Produzenten treffen, die das Schwein in all seinen Formen variieren. In den Stra\u00dfen herrscht eine fr\u00f6hliche Stimmung, man sp\u00fcrt den Geist der Feste von Bayonne.<\/p>\n<p>Dieses Jahr findet die Foire au Jambon von Donnerstag, dem 9. April, bis Sonntag, dem 12. April 2020, statt.<\/p>\n<p>Prestigetr\u00e4chtig f\u00fcr seine traditionellen Feste, Bayonne ist weltber\u00fchmt f\u00fcr seine Feste, die am Mittwoch vor dem ersten Wochenende im August beginnen und am darauffolgenden Sonntag enden. Tag und Nacht werden Sie die Feste von Bayonne mit Konzerten, Stierk\u00e4mpfen, dem Korso, den Kuhrennen, dem Erwachen des K\u00f6nigs Leon, den Jahrm\u00e4rkten, den Bandas und vielen anderen Animationen mitrei\u00dfen &#8230; Hier kommen Sie mit der Familie, mit Freunden und sogar mit Ihren Kindern auf Ihre Kosten.<\/p>\n\t\t\t\t\t\t<\/div>\n\t\t\t\t<\/div>\n\t\t\t\t<div class=\"elementor-element elementor-element-4e60ae1 elementor-align-center elementor-widget elementor-widget-button\" data-id=\"4e60ae1\" data-element_type=\"widget\" data-widget_type=\"button.default\">\n\t\t\t\t<div class=\"elementor-widget-container\">\n\t\t\t\t\t<div class=\"elementor-button-wrapper\">\n\t\t\t<a class=\"elementor-button elementor-button-link elementor-size-md\" href=\"https:\/\/www.yuse.fr\/de\/reservieren-taxi-vtc-biarritz-bayonne\/\">\n\t\t\t\t\t\t<span class=\"elementor-button-content-wrapper\">\n\t\t\t\t\t\t<span class=\"elementor-button-text\">Ich buche hier<\/span>\n\t\t<\/span>\n\t\t\t\t\t<\/a>\n\t\t<\/div>\n\t\t\t\t<\/div>\n\t\t\t\t<\/div>\n\t\t\t\t\t<\/div>\n\t\t<\/div>\n\t\t\t\t\t\t\t<\/div>\n\t\t<\/section>\n\t\t\t\t\t\t\t<\/div>\n\t\t","protected":false},"excerpt":{"rendered":"<p>Transfer nach Bayonne Bayonne, eine Stadt im Baskenland in der Region S\u00fcdwestfrankreich. Sie liegt am Zusammenfluss der Fl\u00fcsse Nive und Adour. Es gibt zwei historische Stadtviertel, die man das kleine und das gro\u00dfe Bayonne nennt. Der von Grand Bayonne zeichnet sich durch seine engen mittelalterlichen Stra\u00dfen aus. Hier stehen die gotische Kathedrale Notre-Dame (oder Sainte-Marie) [&hellip;]<\/p>\n","protected":false},"author":1,"featured_media":0,"parent":0,"menu_order":0,"comment_status":"closed","ping_status":"closed","template":"","meta":{"footnotes":""},"class_list":["post-4085","page","type-page","status-publish","hentry"],"yoast_head":"<!-- This site is optimized with the Yoast SEO plugin v21.1 - https:\/\/yoast.com\/wordpress\/plugins\/seo\/ -->\n<title>transfer taxi vtc uber bayonne - Application YUSE vos chauffeurs VTC 7\/24 - Biarritz Anglet Bayonne BAB<\/title>\n<meta name=\"robots\" content=\"index, follow, max-snippet:-1, max-image-preview:large, max-video-preview:-1\" \/>\n<link rel=\"canonical\" href=\"https:\/\/www.yuse.fr\/de\/transfer-taxi-vtc-uber-bayonne\/\" \/>\n<meta property=\"og:locale\" content=\"de_DE\" \/>\n<meta property=\"og:type\" content=\"article\" \/>\n<meta property=\"og:title\" content=\"transfer taxi vtc uber bayonne - Application YUSE vos chauffeurs VTC 7\/24 - Biarritz Anglet Bayonne BAB\" \/>\n<meta property=\"og:description\" content=\"Transfer nach Bayonne Bayonne, eine Stadt im Baskenland in der Region S\u00fcdwestfrankreich. Sie liegt am Zusammenfluss der Fl\u00fcsse Nive und Adour. Es gibt zwei historische Stadtviertel, die man das kleine und das gro\u00dfe Bayonne nennt. Der von Grand Bayonne zeichnet sich durch seine engen mittelalterlichen Stra\u00dfen aus. Hier stehen die gotische Kathedrale Notre-Dame (oder Sainte-Marie) [&hellip;]\" \/>\n<meta property=\"og:url\" content=\"https:\/\/www.yuse.fr\/de\/transfer-taxi-vtc-uber-bayonne\/\" \/>\n<meta property=\"og:site_name\" content=\"Application YUSE vos chauffeurs VTC 7\/24 - Biarritz Anglet Bayonne BAB\" \/>\n<meta property=\"article:modified_time\" content=\"2023-08-22T08:57:47+00:00\" \/>\n<meta property=\"og:image\" content=\"https:\/\/www.yuse.fr\/wp-content\/uploads\/2023\/07\/fetes-de-bayonne.webp\" \/>\n<meta name=\"twitter:card\" content=\"summary_large_image\" \/>\n<meta name=\"twitter:label1\" content=\"Gesch\u00e4tzte Lesezeit\" \/>\n\t<meta name=\"twitter:data1\" content=\"1\u00a0Minute\" \/>\n<script type=\"application\/ld+json\" class=\"yoast-schema-graph\">{\"@context\":\"https:\/\/schema.org\",\"@graph\":[{\"@type\":\"WebPage\",\"@id\":\"https:\/\/www.yuse.fr\/de\/transfer-taxi-vtc-uber-bayonne\/\",\"url\":\"https:\/\/www.yuse.fr\/de\/transfer-taxi-vtc-uber-bayonne\/\",\"name\":\"transfer taxi vtc uber bayonne - Application YUSE vos chauffeurs VTC 7\/24 - Biarritz Anglet Bayonne BAB\",\"isPartOf\":{\"@id\":\"https:\/\/www.yuse.fr\/de\/#website\"},\"datePublished\":\"2023-07-09T15:01:32+00:00\",\"dateModified\":\"2023-08-22T08:57:47+00:00\",\"breadcrumb\":{\"@id\":\"https:\/\/www.yuse.fr\/de\/transfer-taxi-vtc-uber-bayonne\/#breadcrumb\"},\"inLanguage\":\"de\",\"potentialAction\":[{\"@type\":\"ReadAction\",\"target\":[\"https:\/\/www.yuse.fr\/de\/transfer-taxi-vtc-uber-bayonne\/\"]}]},{\"@type\":\"BreadcrumbList\",\"@id\":\"https:\/\/www.yuse.fr\/de\/transfer-taxi-vtc-uber-bayonne\/#breadcrumb\",\"itemListElement\":[{\"@type\":\"ListItem\",\"position\":1,\"name\":\"Accueil\",\"item\":\"https:\/\/www.yuse.fr\/de\/\"},{\"@type\":\"ListItem\",\"position\":2,\"name\":\"transfer taxi vtc uber bayonne\"}]},{\"@type\":\"WebSite\",\"@id\":\"https:\/\/www.yuse.fr\/de\/#website\",\"url\":\"https:\/\/www.yuse.fr\/de\/\",\"name\":\"Application YUSE vos chauffeurs VTC 7\/24 - Biarritz Anglet Bayonne BAB\",\"description\":\"Yuse\",\"publisher\":{\"@id\":\"https:\/\/www.yuse.fr\/de\/#organization\"},\"potentialAction\":[{\"@type\":\"SearchAction\",\"target\":{\"@type\":\"EntryPoint\",\"urlTemplate\":\"https:\/\/www.yuse.fr\/de\/?s={search_term_string}\"},\"query-input\":\"required name=search_term_string\"}],\"inLanguage\":\"de\"},{\"@type\":\"Organization\",\"@id\":\"https:\/\/www.yuse.fr\/de\/#organization\",\"name\":\"Application YUSE vos chauffeurs VTC 7\/24 - Biarritz Anglet Bayonne BAB\",\"url\":\"https:\/\/www.yuse.fr\/de\/\",\"logo\":{\"@type\":\"ImageObject\",\"inLanguage\":\"de\",\"@id\":\"https:\/\/www.yuse.fr\/de\/#\/schema\/logo\/image\/\",\"url\":\"https:\/\/www.yuse.fr\/wp-content\/uploads\/2023\/06\/Design-sans-titre-77.png\",\"contentUrl\":\"https:\/\/www.yuse.fr\/wp-content\/uploads\/2023\/06\/Design-sans-titre-77.png\",\"width\":350,\"height\":100,\"caption\":\"Application YUSE vos chauffeurs VTC 7\/24 - Biarritz Anglet Bayonne BAB\"},\"image\":{\"@id\":\"https:\/\/www.yuse.fr\/de\/#\/schema\/logo\/image\/\"}}]}<\/script>\n<!-- \/ Yoast SEO plugin. -->","yoast_head_json":{"title":"transfer taxi vtc uber bayonne - Application YUSE vos chauffeurs VTC 7\/24 - Biarritz Anglet Bayonne BAB","robots":{"index":"index","follow":"follow","max-snippet":"max-snippet:-1","max-image-preview":"max-image-preview:large","max-video-preview":"max-video-preview:-1"},"canonical":"https:\/\/www.yuse.fr\/de\/transfer-taxi-vtc-uber-bayonne\/","og_locale":"de_DE","og_type":"article","og_title":"transfer taxi vtc uber bayonne - Application YUSE vos chauffeurs VTC 7\/24 - Biarritz Anglet Bayonne BAB","og_description":"Transfer nach Bayonne Bayonne, eine Stadt im Baskenland in der Region S\u00fcdwestfrankreich. Sie liegt am Zusammenfluss der Fl\u00fcsse Nive und Adour. Es gibt zwei historische Stadtviertel, die man das kleine und das gro\u00dfe Bayonne nennt. Der von Grand Bayonne zeichnet sich durch seine engen mittelalterlichen Stra\u00dfen aus. Hier stehen die gotische Kathedrale Notre-Dame (oder Sainte-Marie) [&hellip;]","og_url":"https:\/\/www.yuse.fr\/de\/transfer-taxi-vtc-uber-bayonne\/","og_site_name":"Application YUSE vos chauffeurs VTC 7\/24 - Biarritz Anglet Bayonne BAB","article_modified_time":"2023-08-22T08:57:47+00:00","og_image":[{"url":"https:\/\/www.yuse.fr\/wp-content\/uploads\/2023\/07\/fetes-de-bayonne.webp"}],"twitter_card":"summary_large_image","twitter_misc":{"Gesch\u00e4tzte Lesezeit":"1\u00a0Minute"},"schema":{"@context":"https:\/\/schema.org","@graph":[{"@type":"WebPage","@id":"https:\/\/www.yuse.fr\/de\/transfer-taxi-vtc-uber-bayonne\/","url":"https:\/\/www.yuse.fr\/de\/transfer-taxi-vtc-uber-bayonne\/","name":"transfer taxi vtc uber bayonne - Application YUSE vos chauffeurs VTC 7\/24 - Biarritz Anglet Bayonne BAB","isPartOf":{"@id":"https:\/\/www.yuse.fr\/de\/#website"},"datePublished":"2023-07-09T15:01:32+00:00","dateModified":"2023-08-22T08:57:47+00:00","breadcrumb":{"@id":"https:\/\/www.yuse.fr\/de\/transfer-taxi-vtc-uber-bayonne\/#breadcrumb"},"inLanguage":"de","potentialAction":[{"@type":"ReadAction","target":["https:\/\/www.yuse.fr\/de\/transfer-taxi-vtc-uber-bayonne\/"]}]},{"@type":"BreadcrumbList","@id":"https:\/\/www.yuse.fr\/de\/transfer-taxi-vtc-uber-bayonne\/#breadcrumb","itemListElement":[{"@type":"ListItem","position":1,"name":"Accueil","item":"https:\/\/www.yuse.fr\/de\/"},{"@type":"ListItem","position":2,"name":"transfer taxi vtc uber bayonne"}]},{"@type":"WebSite","@id":"https:\/\/www.yuse.fr\/de\/#website","url":"https:\/\/www.yuse.fr\/de\/","name":"Application YUSE vos chauffeurs VTC 7\/24 - Biarritz Anglet Bayonne BAB","description":"Yuse","publisher":{"@id":"https:\/\/www.yuse.fr\/de\/#organization"},"potentialAction":[{"@type":"SearchAction","target":{"@type":"EntryPoint","urlTemplate":"https:\/\/www.yuse.fr\/de\/?s={search_term_string}"},"query-input":"required name=search_term_string"}],"inLanguage":"de"},{"@type":"Organization","@id":"https:\/\/www.yuse.fr\/de\/#organization","name":"Application YUSE vos chauffeurs VTC 7\/24 - Biarritz Anglet Bayonne BAB","url":"https:\/\/www.yuse.fr\/de\/","logo":{"@type":"ImageObject","inLanguage":"de","@id":"https:\/\/www.yuse.fr\/de\/#\/schema\/logo\/image\/","url":"https:\/\/www.yuse.fr\/wp-content\/uploads\/2023\/06\/Design-sans-titre-77.png","contentUrl":"https:\/\/www.yuse.fr\/wp-content\/uploads\/2023\/06\/Design-sans-titre-77.png","width":350,"height":100,"caption":"Application YUSE vos chauffeurs VTC 7\/24 - Biarritz Anglet Bayonne BAB"},"image":{"@id":"https:\/\/www.yuse.fr\/de\/#\/schema\/logo\/image\/"}}]}},"_links":{"self":[{"href":"https:\/\/www.yuse.fr\/de\/wp-json\/wp\/v2\/pages\/4085","targetHints":{"allow":["GET"]}}],"collection":[{"href":"https:\/\/www.yuse.fr\/de\/wp-json\/wp\/v2\/pages"}],"about":[{"href":"https:\/\/www.yuse.fr\/de\/wp-json\/wp\/v2\/types\/page"}],"author":[{"embeddable":true,"href":"https:\/\/www.yuse.fr\/de\/wp-json\/wp\/v2\/users\/1"}],"replies":[{"embeddable":true,"href":"https:\/\/www.yuse.fr\/de\/wp-json\/wp\/v2\/comments?post=4085"}],"version-history":[{"count":3,"href":"https:\/\/www.yuse.fr\/de\/wp-json\/wp\/v2\/pages\/4085\/revisions"}],"predecessor-version":[{"id":4094,"href":"https:\/\/www.yuse.fr\/de\/wp-json\/wp\/v2\/pages\/4085\/revisions\/4094"}],"wp:attachment":[{"href":"https:\/\/www.yuse.fr\/de\/wp-json\/wp\/v2\/media?parent=4085"}],"curies":[{"name":"wp","href":"https:\/\/api.w.org\/{rel}","templated":true}]}}