{"id":4112,"date":"2023-07-09T15:04:35","date_gmt":"2023-07-09T15:04:35","guid":{"rendered":"https:\/\/www.yuse.fr\/transfer-taxi-vtc-uber-pau\/"},"modified":"2023-08-22T09:05:45","modified_gmt":"2023-08-22T09:05:45","slug":"transfer-taxi-vtc-uber-pau","status":"publish","type":"page","link":"https:\/\/www.yuse.fr\/de\/transfer-taxi-vtc-uber-pau\/","title":{"rendered":"transfer taxi vtc uber pau"},"content":{"rendered":"\t\t<div data-elementor-type=\"wp-page\" data-elementor-id=\"4112\" class=\"elementor elementor-4112 elementor-1091\" data-elementor-post-type=\"page\">\n\t\t\t\t\t\t\t\t\t<section class=\"elementor-section elementor-top-section elementor-element elementor-element-9ccd2ef elementor-section-boxed elementor-section-height-default elementor-section-height-default\" data-id=\"9ccd2ef\" data-element_type=\"section\">\n\t\t\t\t\t\t<div class=\"elementor-container elementor-column-gap-default\">\n\t\t\t\t\t<div class=\"elementor-column elementor-col-100 elementor-top-column elementor-element elementor-element-edaa008\" data-id=\"edaa008\" data-element_type=\"column\">\n\t\t\t<div class=\"elementor-widget-wrap elementor-element-populated\">\n\t\t\t\t\t\t\t\t<div class=\"elementor-element elementor-element-4a02c07 elementor-widget elementor-widget-heading\" data-id=\"4a02c07\" data-element_type=\"widget\" data-widget_type=\"heading.default\">\n\t\t\t\t<div class=\"elementor-widget-container\">\n\t\t\t<style>\/*! elementor - v3.14.0 - 18-06-2023 *\/\n.elementor-heading-title{padding:0;margin:0;line-height:1}.elementor-widget-heading .elementor-heading-title[class*=elementor-size-]>a{color:inherit;font-size:inherit;line-height:inherit}.elementor-widget-heading .elementor-heading-title.elementor-size-small{font-size:15px}.elementor-widget-heading .elementor-heading-title.elementor-size-medium{font-size:19px}.elementor-widget-heading .elementor-heading-title.elementor-size-large{font-size:29px}.elementor-widget-heading .elementor-heading-title.elementor-size-xl{font-size:39px}.elementor-widget-heading .elementor-heading-title.elementor-size-xxl{font-size:59px}<\/style><h2 class=\"elementor-heading-title elementor-size-default\">Transfer nach Pau<\/h2>\t\t<\/div>\n\t\t\t\t<\/div>\n\t\t\t\t<div class=\"elementor-element elementor-element-ee93889 elementor-widget elementor-widget-image\" data-id=\"ee93889\" data-element_type=\"widget\" data-widget_type=\"image.default\">\n\t\t\t\t<div class=\"elementor-widget-container\">\n\t\t\t<style>\/*! elementor - v3.14.0 - 18-06-2023 *\/\n.elementor-widget-image{text-align:center}.elementor-widget-image a{display:inline-block}.elementor-widget-image a img[src$=\".svg\"]{width:48px}.elementor-widget-image img{vertical-align:middle;display:inline-block}<\/style>\t\t\t\t\t\t\t\t\t\t\t\t<img loading=\"lazy\" decoding=\"async\" width=\"600\" height=\"400\" src=\"https:\/\/www.yuse.fr\/wp-content\/uploads\/2023\/07\/transfert-pau.webp\" class=\"attachment-large size-large wp-image-2349\" alt=\"\" srcset=\"https:\/\/www.yuse.fr\/wp-content\/uploads\/2023\/07\/transfert-pau.webp 600w, https:\/\/www.yuse.fr\/wp-content\/uploads\/2023\/07\/transfert-pau-300x200.webp 300w\" sizes=\"auto, (max-width: 600px) 100vw, 600px\" \/>\t\t\t\t\t\t\t\t\t\t\t\t\t\t\t<\/div>\n\t\t\t\t<\/div>\n\t\t\t\t<div class=\"elementor-element elementor-element-0736434 elementor-widget elementor-widget-image\" data-id=\"0736434\" data-element_type=\"widget\" data-widget_type=\"image.default\">\n\t\t\t\t<div class=\"elementor-widget-container\">\n\t\t\t\t\t\t\t\t\t\t\t\t\t\t\t<img loading=\"lazy\" decoding=\"async\" width=\"239\" height=\"179\" src=\"https:\/\/www.yuse.fr\/wp-content\/uploads\/2023\/07\/transfert-taxi-pau.webp\" class=\"attachment-full size-full wp-image-2352\" alt=\"\" \/>\t\t\t\t\t\t\t\t\t\t\t\t\t\t\t<\/div>\n\t\t\t\t<\/div>\n\t\t\t\t<div class=\"elementor-element elementor-element-a1b6b49 elementor-widget elementor-widget-text-editor\" data-id=\"a1b6b49\" data-element_type=\"widget\" data-widget_type=\"text-editor.default\">\n\t\t\t\t<div class=\"elementor-widget-container\">\n\t\t\t<style>\/*! elementor - v3.14.0 - 18-06-2023 *\/\n.elementor-widget-text-editor.elementor-drop-cap-view-stacked .elementor-drop-cap{background-color:#69727d;color:#fff}.elementor-widget-text-editor.elementor-drop-cap-view-framed .elementor-drop-cap{color:#69727d;border:3px solid;background-color:transparent}.elementor-widget-text-editor:not(.elementor-drop-cap-view-default) .elementor-drop-cap{margin-top:8px}.elementor-widget-text-editor:not(.elementor-drop-cap-view-default) .elementor-drop-cap-letter{width:1em;height:1em}.elementor-widget-text-editor .elementor-drop-cap{float:left;text-align:center;line-height:1;font-size:50px}.elementor-widget-text-editor .elementor-drop-cap-letter{display:inline-block}<\/style>\t\t\t\t<p>Die Stadt Pau liegt 30 Minuten von Lourdes und 1 Stunde und 15 Minuten von Biarritz entfernt. Sie liegt in der N\u00e4he der Berge und Skigebiete der Pyren\u00e4en und ist auch nur 2 Stunden von den Weinbergen von Bordeaux entfernt. Eine privilegierte Lage mit dem Flughafen Pau &#8211; Uzein (PUF) und dem Bahnhof von Pau.<\/p>\n<p>Man hat einen herrlichen Panoramablick auf die Berge am Boulevard des Pyr\u00e9n\u00e9es in der N\u00e4he des Stadtzentrums. Sie werden schnell auf das Schloss von Pau sto\u00dfen, das Heinrich IV., dem K\u00f6nig von Frankreich und Navarra, geh\u00f6rte.<\/p>\n<p>In der Rue Mathieu Lalanne k\u00f6nnen Sie das Mus\u00e9e des Beaux-Arts de Pau besuchen, das nach dem Mus\u00e9e des Beaux-Arts de Bordeaux das bedeutendste Museum in Aquitanien ist.<\/p>\n\t\t\t\t\t\t<\/div>\n\t\t\t\t<\/div>\n\t\t\t\t<div class=\"elementor-element elementor-element-79a88fb elementor-align-center elementor-widget elementor-widget-button\" data-id=\"79a88fb\" data-element_type=\"widget\" data-widget_type=\"button.default\">\n\t\t\t\t<div class=\"elementor-widget-container\">\n\t\t\t\t\t<div class=\"elementor-button-wrapper\">\n\t\t\t<a class=\"elementor-button elementor-button-link elementor-size-md\" href=\"https:\/\/www.yuse.fr\/de\/reservieren-taxi-vtc-biarritz-bayonne\/\">\n\t\t\t\t\t\t<span class=\"elementor-button-content-wrapper\">\n\t\t\t\t\t\t<span class=\"elementor-button-text\">Ich buche hier<\/span>\n\t\t<\/span>\n\t\t\t\t\t<\/a>\n\t\t<\/div>\n\t\t\t\t<\/div>\n\t\t\t\t<\/div>\n\t\t\t\t\t<\/div>\n\t\t<\/div>\n\t\t\t\t\t\t\t<\/div>\n\t\t<\/section>\n\t\t\t\t\t\t\t<\/div>\n\t\t","protected":false},"excerpt":{"rendered":"<p>Transfer nach Pau Die Stadt Pau liegt 30 Minuten von Lourdes und 1 Stunde und 15 Minuten von Biarritz entfernt. Sie liegt in der N\u00e4he der Berge und Skigebiete der Pyren\u00e4en und ist auch nur 2 Stunden von den Weinbergen von Bordeaux entfernt. Eine privilegierte Lage mit dem Flughafen Pau &#8211; Uzein (PUF) und dem [&hellip;]<\/p>\n","protected":false},"author":1,"featured_media":0,"parent":0,"menu_order":0,"comment_status":"closed","ping_status":"closed","template":"","meta":{"footnotes":""},"class_list":["post-4112","page","type-page","status-publish","hentry"],"yoast_head":"<!-- This site is optimized with the Yoast SEO plugin v21.1 - https:\/\/yoast.com\/wordpress\/plugins\/seo\/ -->\n<title>transfer taxi vtc uber pau - Application YUSE vos chauffeurs VTC 7\/24 - Biarritz Anglet Bayonne BAB<\/title>\n<meta name=\"robots\" content=\"index, follow, max-snippet:-1, max-image-preview:large, max-video-preview:-1\" \/>\n<link rel=\"canonical\" href=\"https:\/\/www.yuse.fr\/de\/transfer-taxi-vtc-uber-pau\/\" \/>\n<meta property=\"og:locale\" content=\"de_DE\" \/>\n<meta property=\"og:type\" content=\"article\" \/>\n<meta property=\"og:title\" content=\"transfer taxi vtc uber pau - Application YUSE vos chauffeurs VTC 7\/24 - Biarritz Anglet Bayonne BAB\" \/>\n<meta property=\"og:description\" content=\"Transfer nach Pau Die Stadt Pau liegt 30 Minuten von Lourdes und 1 Stunde und 15 Minuten von Biarritz entfernt. Sie liegt in der N\u00e4he der Berge und Skigebiete der Pyren\u00e4en und ist auch nur 2 Stunden von den Weinbergen von Bordeaux entfernt. Eine privilegierte Lage mit dem Flughafen Pau &#8211; Uzein (PUF) und dem [&hellip;]\" \/>\n<meta property=\"og:url\" content=\"https:\/\/www.yuse.fr\/de\/transfer-taxi-vtc-uber-pau\/\" \/>\n<meta property=\"og:site_name\" content=\"Application YUSE vos chauffeurs VTC 7\/24 - Biarritz Anglet Bayonne BAB\" \/>\n<meta property=\"article:modified_time\" content=\"2023-08-22T09:05:45+00:00\" \/>\n<meta property=\"og:image\" content=\"https:\/\/www.yuse.fr\/wp-content\/uploads\/2023\/07\/transfert-pau.webp\" \/>\n<meta name=\"twitter:card\" content=\"summary_large_image\" \/>\n<meta name=\"twitter:label1\" content=\"Gesch\u00e4tzte Lesezeit\" \/>\n\t<meta name=\"twitter:data1\" content=\"1\u00a0Minute\" \/>\n<script type=\"application\/ld+json\" class=\"yoast-schema-graph\">{\"@context\":\"https:\/\/schema.org\",\"@graph\":[{\"@type\":\"WebPage\",\"@id\":\"https:\/\/www.yuse.fr\/de\/transfer-taxi-vtc-uber-pau\/\",\"url\":\"https:\/\/www.yuse.fr\/de\/transfer-taxi-vtc-uber-pau\/\",\"name\":\"transfer taxi vtc uber pau - Application YUSE vos chauffeurs VTC 7\/24 - Biarritz Anglet Bayonne BAB\",\"isPartOf\":{\"@id\":\"https:\/\/www.yuse.fr\/de\/#website\"},\"datePublished\":\"2023-07-09T15:04:35+00:00\",\"dateModified\":\"2023-08-22T09:05:45+00:00\",\"breadcrumb\":{\"@id\":\"https:\/\/www.yuse.fr\/de\/transfer-taxi-vtc-uber-pau\/#breadcrumb\"},\"inLanguage\":\"de\",\"potentialAction\":[{\"@type\":\"ReadAction\",\"target\":[\"https:\/\/www.yuse.fr\/de\/transfer-taxi-vtc-uber-pau\/\"]}]},{\"@type\":\"BreadcrumbList\",\"@id\":\"https:\/\/www.yuse.fr\/de\/transfer-taxi-vtc-uber-pau\/#breadcrumb\",\"itemListElement\":[{\"@type\":\"ListItem\",\"position\":1,\"name\":\"Accueil\",\"item\":\"https:\/\/www.yuse.fr\/de\/\"},{\"@type\":\"ListItem\",\"position\":2,\"name\":\"transfer taxi vtc uber pau\"}]},{\"@type\":\"WebSite\",\"@id\":\"https:\/\/www.yuse.fr\/de\/#website\",\"url\":\"https:\/\/www.yuse.fr\/de\/\",\"name\":\"Application YUSE vos chauffeurs VTC 7\/24 - Biarritz Anglet Bayonne BAB\",\"description\":\"Yuse\",\"publisher\":{\"@id\":\"https:\/\/www.yuse.fr\/de\/#organization\"},\"potentialAction\":[{\"@type\":\"SearchAction\",\"target\":{\"@type\":\"EntryPoint\",\"urlTemplate\":\"https:\/\/www.yuse.fr\/de\/?s={search_term_string}\"},\"query-input\":\"required name=search_term_string\"}],\"inLanguage\":\"de\"},{\"@type\":\"Organization\",\"@id\":\"https:\/\/www.yuse.fr\/de\/#organization\",\"name\":\"Application YUSE vos chauffeurs VTC 7\/24 - Biarritz Anglet Bayonne BAB\",\"url\":\"https:\/\/www.yuse.fr\/de\/\",\"logo\":{\"@type\":\"ImageObject\",\"inLanguage\":\"de\",\"@id\":\"https:\/\/www.yuse.fr\/de\/#\/schema\/logo\/image\/\",\"url\":\"https:\/\/www.yuse.fr\/wp-content\/uploads\/2023\/06\/Design-sans-titre-77.png\",\"contentUrl\":\"https:\/\/www.yuse.fr\/wp-content\/uploads\/2023\/06\/Design-sans-titre-77.png\",\"width\":350,\"height\":100,\"caption\":\"Application YUSE vos chauffeurs VTC 7\/24 - Biarritz Anglet Bayonne BAB\"},\"image\":{\"@id\":\"https:\/\/www.yuse.fr\/de\/#\/schema\/logo\/image\/\"}}]}<\/script>\n<!-- \/ Yoast SEO plugin. -->","yoast_head_json":{"title":"transfer taxi vtc uber pau - Application YUSE vos chauffeurs VTC 7\/24 - Biarritz Anglet Bayonne BAB","robots":{"index":"index","follow":"follow","max-snippet":"max-snippet:-1","max-image-preview":"max-image-preview:large","max-video-preview":"max-video-preview:-1"},"canonical":"https:\/\/www.yuse.fr\/de\/transfer-taxi-vtc-uber-pau\/","og_locale":"de_DE","og_type":"article","og_title":"transfer taxi vtc uber pau - Application YUSE vos chauffeurs VTC 7\/24 - Biarritz Anglet Bayonne BAB","og_description":"Transfer nach Pau Die Stadt Pau liegt 30 Minuten von Lourdes und 1 Stunde und 15 Minuten von Biarritz entfernt. Sie liegt in der N\u00e4he der Berge und Skigebiete der Pyren\u00e4en und ist auch nur 2 Stunden von den Weinbergen von Bordeaux entfernt. Eine privilegierte Lage mit dem Flughafen Pau &#8211; Uzein (PUF) und dem [&hellip;]","og_url":"https:\/\/www.yuse.fr\/de\/transfer-taxi-vtc-uber-pau\/","og_site_name":"Application YUSE vos chauffeurs VTC 7\/24 - Biarritz Anglet Bayonne BAB","article_modified_time":"2023-08-22T09:05:45+00:00","og_image":[{"url":"https:\/\/www.yuse.fr\/wp-content\/uploads\/2023\/07\/transfert-pau.webp"}],"twitter_card":"summary_large_image","twitter_misc":{"Gesch\u00e4tzte Lesezeit":"1\u00a0Minute"},"schema":{"@context":"https:\/\/schema.org","@graph":[{"@type":"WebPage","@id":"https:\/\/www.yuse.fr\/de\/transfer-taxi-vtc-uber-pau\/","url":"https:\/\/www.yuse.fr\/de\/transfer-taxi-vtc-uber-pau\/","name":"transfer taxi vtc uber pau - Application YUSE vos chauffeurs VTC 7\/24 - Biarritz Anglet Bayonne BAB","isPartOf":{"@id":"https:\/\/www.yuse.fr\/de\/#website"},"datePublished":"2023-07-09T15:04:35+00:00","dateModified":"2023-08-22T09:05:45+00:00","breadcrumb":{"@id":"https:\/\/www.yuse.fr\/de\/transfer-taxi-vtc-uber-pau\/#breadcrumb"},"inLanguage":"de","potentialAction":[{"@type":"ReadAction","target":["https:\/\/www.yuse.fr\/de\/transfer-taxi-vtc-uber-pau\/"]}]},{"@type":"BreadcrumbList","@id":"https:\/\/www.yuse.fr\/de\/transfer-taxi-vtc-uber-pau\/#breadcrumb","itemListElement":[{"@type":"ListItem","position":1,"name":"Accueil","item":"https:\/\/www.yuse.fr\/de\/"},{"@type":"ListItem","position":2,"name":"transfer taxi vtc uber pau"}]},{"@type":"WebSite","@id":"https:\/\/www.yuse.fr\/de\/#website","url":"https:\/\/www.yuse.fr\/de\/","name":"Application YUSE vos chauffeurs VTC 7\/24 - Biarritz Anglet Bayonne BAB","description":"Yuse","publisher":{"@id":"https:\/\/www.yuse.fr\/de\/#organization"},"potentialAction":[{"@type":"SearchAction","target":{"@type":"EntryPoint","urlTemplate":"https:\/\/www.yuse.fr\/de\/?s={search_term_string}"},"query-input":"required name=search_term_string"}],"inLanguage":"de"},{"@type":"Organization","@id":"https:\/\/www.yuse.fr\/de\/#organization","name":"Application YUSE vos chauffeurs VTC 7\/24 - Biarritz Anglet Bayonne BAB","url":"https:\/\/www.yuse.fr\/de\/","logo":{"@type":"ImageObject","inLanguage":"de","@id":"https:\/\/www.yuse.fr\/de\/#\/schema\/logo\/image\/","url":"https:\/\/www.yuse.fr\/wp-content\/uploads\/2023\/06\/Design-sans-titre-77.png","contentUrl":"https:\/\/www.yuse.fr\/wp-content\/uploads\/2023\/06\/Design-sans-titre-77.png","width":350,"height":100,"caption":"Application YUSE vos chauffeurs VTC 7\/24 - Biarritz Anglet Bayonne BAB"},"image":{"@id":"https:\/\/www.yuse.fr\/de\/#\/schema\/logo\/image\/"}}]}},"_links":{"self":[{"href":"https:\/\/www.yuse.fr\/de\/wp-json\/wp\/v2\/pages\/4112","targetHints":{"allow":["GET"]}}],"collection":[{"href":"https:\/\/www.yuse.fr\/de\/wp-json\/wp\/v2\/pages"}],"about":[{"href":"https:\/\/www.yuse.fr\/de\/wp-json\/wp\/v2\/types\/page"}],"author":[{"embeddable":true,"href":"https:\/\/www.yuse.fr\/de\/wp-json\/wp\/v2\/users\/1"}],"replies":[{"embeddable":true,"href":"https:\/\/www.yuse.fr\/de\/wp-json\/wp\/v2\/comments?post=4112"}],"version-history":[{"count":3,"href":"https:\/\/www.yuse.fr\/de\/wp-json\/wp\/v2\/pages\/4112\/revisions"}],"predecessor-version":[{"id":4120,"href":"https:\/\/www.yuse.fr\/de\/wp-json\/wp\/v2\/pages\/4112\/revisions\/4120"}],"wp:attachment":[{"href":"https:\/\/www.yuse.fr\/de\/wp-json\/wp\/v2\/media?parent=4112"}],"curies":[{"name":"wp","href":"https:\/\/api.w.org\/{rel}","templated":true}]}}