{"id":4148,"date":"2023-07-09T14:36:41","date_gmt":"2023-07-09T14:36:41","guid":{"rendered":"https:\/\/www.yuse.fr\/transfer-taxi-vtc-guethary\/"},"modified":"2023-08-22T09:09:32","modified_gmt":"2023-08-22T09:09:32","slug":"transfer-taxi-vtc-guethary","status":"publish","type":"page","link":"https:\/\/www.yuse.fr\/en\/transfer-taxi-vtc-guethary\/","title":{"rendered":"transfer taxi vtc guethary"},"content":{"rendered":"\t\t<div data-elementor-type=\"wp-page\" data-elementor-id=\"4148\" class=\"elementor elementor-4148 elementor-1042\" data-elementor-post-type=\"page\">\n\t\t\t\t\t\t\t\t\t<section class=\"elementor-section elementor-top-section elementor-element elementor-element-53b13e7 elementor-section-boxed elementor-section-height-default elementor-section-height-default\" data-id=\"53b13e7\" data-element_type=\"section\">\n\t\t\t\t\t\t<div class=\"elementor-container elementor-column-gap-default\">\n\t\t\t\t\t<div class=\"elementor-column elementor-col-100 elementor-top-column elementor-element elementor-element-43d211b\" data-id=\"43d211b\" data-element_type=\"column\">\n\t\t\t<div class=\"elementor-widget-wrap elementor-element-populated\">\n\t\t\t\t\t\t\t\t<div class=\"elementor-element elementor-element-cd924bb elementor-widget elementor-widget-heading\" data-id=\"cd924bb\" data-element_type=\"widget\" data-widget_type=\"heading.default\">\n\t\t\t\t<div class=\"elementor-widget-container\">\n\t\t\t<style>\/*! elementor - v3.14.0 - 18-06-2023 *\/\n.elementor-heading-title{padding:0;margin:0;line-height:1}.elementor-widget-heading .elementor-heading-title[class*=elementor-size-]>a{color:inherit;font-size:inherit;line-height:inherit}.elementor-widget-heading .elementor-heading-title.elementor-size-small{font-size:15px}.elementor-widget-heading .elementor-heading-title.elementor-size-medium{font-size:19px}.elementor-widget-heading .elementor-heading-title.elementor-size-large{font-size:29px}.elementor-widget-heading .elementor-heading-title.elementor-size-xl{font-size:39px}.elementor-widget-heading .elementor-heading-title.elementor-size-xxl{font-size:59px}<\/style><h2 class=\"elementor-heading-title elementor-size-default\">Transfer to Gu\u00e9thary<\/h2>\t\t<\/div>\n\t\t\t\t<\/div>\n\t\t\t\t<div class=\"elementor-element elementor-element-3887f76 elementor-widget elementor-widget-image\" data-id=\"3887f76\" data-element_type=\"widget\" data-widget_type=\"image.default\">\n\t\t\t\t<div class=\"elementor-widget-container\">\n\t\t\t<style>\/*! elementor - v3.14.0 - 18-06-2023 *\/\n.elementor-widget-image{text-align:center}.elementor-widget-image a{display:inline-block}.elementor-widget-image a img[src$=\".svg\"]{width:48px}.elementor-widget-image img{vertical-align:middle;display:inline-block}<\/style>\t\t\t\t\t\t\t\t\t\t\t\t<img loading=\"lazy\" decoding=\"async\" width=\"535\" height=\"401\" src=\"https:\/\/www.yuse.fr\/wp-content\/uploads\/2023\/07\/20210214_185104.webp\" class=\"attachment-large size-large wp-image-2306\" alt=\"\" srcset=\"https:\/\/www.yuse.fr\/wp-content\/uploads\/2023\/07\/20210214_185104.webp 535w, https:\/\/www.yuse.fr\/wp-content\/uploads\/2023\/07\/20210214_185104-300x225.webp 300w\" sizes=\"auto, (max-width: 535px) 100vw, 535px\" \/>\t\t\t\t\t\t\t\t\t\t\t\t\t\t\t<\/div>\n\t\t\t\t<\/div>\n\t\t\t\t<div class=\"elementor-element elementor-element-eeab2a3 elementor-widget elementor-widget-image\" data-id=\"eeab2a3\" data-element_type=\"widget\" data-widget_type=\"image.default\">\n\t\t\t\t<div class=\"elementor-widget-container\">\n\t\t\t\t\t\t\t\t\t\t\t\t\t\t\t<img loading=\"lazy\" decoding=\"async\" width=\"285\" height=\"68\" src=\"https:\/\/www.yuse.fr\/wp-content\/uploads\/2023\/07\/logo-guethary.webp\" class=\"attachment-large size-large wp-image-2309\" alt=\"\" \/>\t\t\t\t\t\t\t\t\t\t\t\t\t\t\t<\/div>\n\t\t\t\t<\/div>\n\t\t\t\t<div class=\"elementor-element elementor-element-a57408e elementor-widget elementor-widget-text-editor\" data-id=\"a57408e\" data-element_type=\"widget\" data-widget_type=\"text-editor.default\">\n\t\t\t\t<div class=\"elementor-widget-container\">\n\t\t\t<style>\/*! elementor - v3.14.0 - 18-06-2023 *\/\n.elementor-widget-text-editor.elementor-drop-cap-view-stacked .elementor-drop-cap{background-color:#69727d;color:#fff}.elementor-widget-text-editor.elementor-drop-cap-view-framed .elementor-drop-cap{color:#69727d;border:3px solid;background-color:transparent}.elementor-widget-text-editor:not(.elementor-drop-cap-view-default) .elementor-drop-cap{margin-top:8px}.elementor-widget-text-editor:not(.elementor-drop-cap-view-default) .elementor-drop-cap-letter{width:1em;height:1em}.elementor-widget-text-editor .elementor-drop-cap{float:left;text-align:center;line-height:1;font-size:50px}.elementor-widget-text-editor .elementor-drop-cap-letter{display:inline-block}<\/style>\t\t\t\t<p>The village of Gu\u00e9thary is a little cocoon of well-being. It was once a whaling port, and later a tuna and sardine fishing port. With institutions such as the hotel restaurant Le Madrid, you can enjoy a timeless interlude with typical dishes.<\/p>\n<p>For an aperitif with a view over the whole ocean and ideal for watching the sunset, you can go to the H\u00e9t\u00e9roclito or the Ilunabar Gu\u00e9thary to watch the sunset with your feet almost in the water. In Gu\u00e9thary you&#8217;ll find the neo-Basque architectural style, the pretty port of Gu\u00e9thary with its old boats, and peaceful promenades to discover on foot.<\/p>\n<p>This is an essential stop-off point on your stay on the Basque Coast, between Saint Jean de Luz and Biarritz.<\/p>\n\t\t\t\t\t\t<\/div>\n\t\t\t\t<\/div>\n\t\t\t\t<div class=\"elementor-element elementor-element-d648d13 elementor-align-center elementor-widget elementor-widget-button\" data-id=\"d648d13\" data-element_type=\"widget\" data-widget_type=\"button.default\">\n\t\t\t\t<div class=\"elementor-widget-container\">\n\t\t\t\t\t<div class=\"elementor-button-wrapper\">\n\t\t\t<a class=\"elementor-button elementor-button-link elementor-size-md\" href=\"https:\/\/www.yuse.fr\/en\/book-taxi-vtc-biarritz-bayonne\/\">\n\t\t\t\t\t\t<span class=\"elementor-button-content-wrapper\">\n\t\t\t\t\t\t<span class=\"elementor-button-text\">I book here<\/span>\n\t\t<\/span>\n\t\t\t\t\t<\/a>\n\t\t<\/div>\n\t\t\t\t<\/div>\n\t\t\t\t<\/div>\n\t\t\t\t\t<\/div>\n\t\t<\/div>\n\t\t\t\t\t\t\t<\/div>\n\t\t<\/section>\n\t\t\t\t\t\t\t<\/div>\n\t\t","protected":false},"excerpt":{"rendered":"<p>Transfer to Gu\u00e9thary The village of Gu\u00e9thary is a little cocoon of well-being. It was once a whaling port, and later a tuna and sardine fishing port. With institutions such as the hotel restaurant Le Madrid, you can enjoy a timeless interlude with typical dishes. For an aperitif with a view over the whole ocean [&hellip;]<\/p>\n","protected":false},"author":1,"featured_media":0,"parent":0,"menu_order":0,"comment_status":"closed","ping_status":"closed","template":"","meta":{"footnotes":""},"class_list":["post-4148","page","type-page","status-publish","hentry"],"yoast_head":"<!-- This site is optimized with the Yoast SEO plugin v21.1 - https:\/\/yoast.com\/wordpress\/plugins\/seo\/ -->\n<title>transfer taxi vtc guethary - Application YUSE vos chauffeurs VTC 7\/24 - Biarritz Anglet Bayonne BAB<\/title>\n<meta name=\"robots\" content=\"index, follow, max-snippet:-1, max-image-preview:large, max-video-preview:-1\" \/>\n<link rel=\"canonical\" href=\"https:\/\/www.yuse.fr\/en\/transfer-taxi-vtc-guethary\/\" \/>\n<meta property=\"og:locale\" content=\"en_US\" \/>\n<meta property=\"og:type\" content=\"article\" \/>\n<meta property=\"og:title\" content=\"transfer taxi vtc guethary - Application YUSE vos chauffeurs VTC 7\/24 - Biarritz Anglet Bayonne BAB\" \/>\n<meta property=\"og:description\" content=\"Transfer to Gu\u00e9thary The village of Gu\u00e9thary is a little cocoon of well-being. It was once a whaling port, and later a tuna and sardine fishing port. With institutions such as the hotel restaurant Le Madrid, you can enjoy a timeless interlude with typical dishes. For an aperitif with a view over the whole ocean [&hellip;]\" \/>\n<meta property=\"og:url\" content=\"https:\/\/www.yuse.fr\/en\/transfer-taxi-vtc-guethary\/\" \/>\n<meta property=\"og:site_name\" content=\"Application YUSE vos chauffeurs VTC 7\/24 - Biarritz Anglet Bayonne BAB\" \/>\n<meta property=\"article:modified_time\" content=\"2023-08-22T09:09:32+00:00\" \/>\n<meta property=\"og:image\" content=\"https:\/\/www.yuse.fr\/wp-content\/uploads\/2023\/07\/20210214_185104.webp\" \/>\n<meta name=\"twitter:card\" content=\"summary_large_image\" \/>\n<meta name=\"twitter:label1\" content=\"Est. reading time\" \/>\n\t<meta name=\"twitter:data1\" content=\"1 minute\" \/>\n<script type=\"application\/ld+json\" class=\"yoast-schema-graph\">{\"@context\":\"https:\/\/schema.org\",\"@graph\":[{\"@type\":\"WebPage\",\"@id\":\"https:\/\/www.yuse.fr\/en\/transfer-taxi-vtc-guethary\/\",\"url\":\"https:\/\/www.yuse.fr\/en\/transfer-taxi-vtc-guethary\/\",\"name\":\"transfer taxi vtc guethary - Application YUSE vos chauffeurs VTC 7\/24 - Biarritz Anglet Bayonne BAB\",\"isPartOf\":{\"@id\":\"https:\/\/www.yuse.fr\/en\/#website\"},\"datePublished\":\"2023-07-09T14:36:41+00:00\",\"dateModified\":\"2023-08-22T09:09:32+00:00\",\"breadcrumb\":{\"@id\":\"https:\/\/www.yuse.fr\/en\/transfer-taxi-vtc-guethary\/#breadcrumb\"},\"inLanguage\":\"en-US\",\"potentialAction\":[{\"@type\":\"ReadAction\",\"target\":[\"https:\/\/www.yuse.fr\/en\/transfer-taxi-vtc-guethary\/\"]}]},{\"@type\":\"BreadcrumbList\",\"@id\":\"https:\/\/www.yuse.fr\/en\/transfer-taxi-vtc-guethary\/#breadcrumb\",\"itemListElement\":[{\"@type\":\"ListItem\",\"position\":1,\"name\":\"Accueil\",\"item\":\"https:\/\/www.yuse.fr\/en\/\"},{\"@type\":\"ListItem\",\"position\":2,\"name\":\"transfer taxi vtc guethary\"}]},{\"@type\":\"WebSite\",\"@id\":\"https:\/\/www.yuse.fr\/en\/#website\",\"url\":\"https:\/\/www.yuse.fr\/en\/\",\"name\":\"Application YUSE vos chauffeurs VTC 7\/24 - Biarritz Anglet Bayonne BAB\",\"description\":\"Yuse\",\"publisher\":{\"@id\":\"https:\/\/www.yuse.fr\/en\/#organization\"},\"potentialAction\":[{\"@type\":\"SearchAction\",\"target\":{\"@type\":\"EntryPoint\",\"urlTemplate\":\"https:\/\/www.yuse.fr\/en\/?s={search_term_string}\"},\"query-input\":\"required name=search_term_string\"}],\"inLanguage\":\"en-US\"},{\"@type\":\"Organization\",\"@id\":\"https:\/\/www.yuse.fr\/en\/#organization\",\"name\":\"Application YUSE vos chauffeurs VTC 7\/24 - Biarritz Anglet Bayonne BAB\",\"url\":\"https:\/\/www.yuse.fr\/en\/\",\"logo\":{\"@type\":\"ImageObject\",\"inLanguage\":\"en-US\",\"@id\":\"https:\/\/www.yuse.fr\/en\/#\/schema\/logo\/image\/\",\"url\":\"https:\/\/www.yuse.fr\/wp-content\/uploads\/2023\/06\/Design-sans-titre-77.png\",\"contentUrl\":\"https:\/\/www.yuse.fr\/wp-content\/uploads\/2023\/06\/Design-sans-titre-77.png\",\"width\":350,\"height\":100,\"caption\":\"Application YUSE vos chauffeurs VTC 7\/24 - Biarritz Anglet Bayonne BAB\"},\"image\":{\"@id\":\"https:\/\/www.yuse.fr\/en\/#\/schema\/logo\/image\/\"}}]}<\/script>\n<!-- \/ Yoast SEO plugin. -->","yoast_head_json":{"title":"transfer taxi vtc guethary - Application YUSE vos chauffeurs VTC 7\/24 - Biarritz Anglet Bayonne BAB","robots":{"index":"index","follow":"follow","max-snippet":"max-snippet:-1","max-image-preview":"max-image-preview:large","max-video-preview":"max-video-preview:-1"},"canonical":"https:\/\/www.yuse.fr\/en\/transfer-taxi-vtc-guethary\/","og_locale":"en_US","og_type":"article","og_title":"transfer taxi vtc guethary - Application YUSE vos chauffeurs VTC 7\/24 - Biarritz Anglet Bayonne BAB","og_description":"Transfer to Gu\u00e9thary The village of Gu\u00e9thary is a little cocoon of well-being. It was once a whaling port, and later a tuna and sardine fishing port. With institutions such as the hotel restaurant Le Madrid, you can enjoy a timeless interlude with typical dishes. For an aperitif with a view over the whole ocean [&hellip;]","og_url":"https:\/\/www.yuse.fr\/en\/transfer-taxi-vtc-guethary\/","og_site_name":"Application YUSE vos chauffeurs VTC 7\/24 - Biarritz Anglet Bayonne BAB","article_modified_time":"2023-08-22T09:09:32+00:00","og_image":[{"url":"https:\/\/www.yuse.fr\/wp-content\/uploads\/2023\/07\/20210214_185104.webp"}],"twitter_card":"summary_large_image","twitter_misc":{"Est. reading time":"1 minute"},"schema":{"@context":"https:\/\/schema.org","@graph":[{"@type":"WebPage","@id":"https:\/\/www.yuse.fr\/en\/transfer-taxi-vtc-guethary\/","url":"https:\/\/www.yuse.fr\/en\/transfer-taxi-vtc-guethary\/","name":"transfer taxi vtc guethary - Application YUSE vos chauffeurs VTC 7\/24 - Biarritz Anglet Bayonne BAB","isPartOf":{"@id":"https:\/\/www.yuse.fr\/en\/#website"},"datePublished":"2023-07-09T14:36:41+00:00","dateModified":"2023-08-22T09:09:32+00:00","breadcrumb":{"@id":"https:\/\/www.yuse.fr\/en\/transfer-taxi-vtc-guethary\/#breadcrumb"},"inLanguage":"en-US","potentialAction":[{"@type":"ReadAction","target":["https:\/\/www.yuse.fr\/en\/transfer-taxi-vtc-guethary\/"]}]},{"@type":"BreadcrumbList","@id":"https:\/\/www.yuse.fr\/en\/transfer-taxi-vtc-guethary\/#breadcrumb","itemListElement":[{"@type":"ListItem","position":1,"name":"Accueil","item":"https:\/\/www.yuse.fr\/en\/"},{"@type":"ListItem","position":2,"name":"transfer taxi vtc guethary"}]},{"@type":"WebSite","@id":"https:\/\/www.yuse.fr\/en\/#website","url":"https:\/\/www.yuse.fr\/en\/","name":"Application YUSE vos chauffeurs VTC 7\/24 - Biarritz Anglet Bayonne BAB","description":"Yuse","publisher":{"@id":"https:\/\/www.yuse.fr\/en\/#organization"},"potentialAction":[{"@type":"SearchAction","target":{"@type":"EntryPoint","urlTemplate":"https:\/\/www.yuse.fr\/en\/?s={search_term_string}"},"query-input":"required name=search_term_string"}],"inLanguage":"en-US"},{"@type":"Organization","@id":"https:\/\/www.yuse.fr\/en\/#organization","name":"Application YUSE vos chauffeurs VTC 7\/24 - Biarritz Anglet Bayonne BAB","url":"https:\/\/www.yuse.fr\/en\/","logo":{"@type":"ImageObject","inLanguage":"en-US","@id":"https:\/\/www.yuse.fr\/en\/#\/schema\/logo\/image\/","url":"https:\/\/www.yuse.fr\/wp-content\/uploads\/2023\/06\/Design-sans-titre-77.png","contentUrl":"https:\/\/www.yuse.fr\/wp-content\/uploads\/2023\/06\/Design-sans-titre-77.png","width":350,"height":100,"caption":"Application YUSE vos chauffeurs VTC 7\/24 - Biarritz Anglet Bayonne BAB"},"image":{"@id":"https:\/\/www.yuse.fr\/en\/#\/schema\/logo\/image\/"}}]}},"_links":{"self":[{"href":"https:\/\/www.yuse.fr\/en\/wp-json\/wp\/v2\/pages\/4148","targetHints":{"allow":["GET"]}}],"collection":[{"href":"https:\/\/www.yuse.fr\/en\/wp-json\/wp\/v2\/pages"}],"about":[{"href":"https:\/\/www.yuse.fr\/en\/wp-json\/wp\/v2\/types\/page"}],"author":[{"embeddable":true,"href":"https:\/\/www.yuse.fr\/en\/wp-json\/wp\/v2\/users\/1"}],"replies":[{"embeddable":true,"href":"https:\/\/www.yuse.fr\/en\/wp-json\/wp\/v2\/comments?post=4148"}],"version-history":[{"count":4,"href":"https:\/\/www.yuse.fr\/en\/wp-json\/wp\/v2\/pages\/4148\/revisions"}],"predecessor-version":[{"id":4156,"href":"https:\/\/www.yuse.fr\/en\/wp-json\/wp\/v2\/pages\/4148\/revisions\/4156"}],"wp:attachment":[{"href":"https:\/\/www.yuse.fr\/en\/wp-json\/wp\/v2\/media?parent=4148"}],"curies":[{"name":"wp","href":"https:\/\/api.w.org\/{rel}","templated":true}]}}