{"id":4023,"date":"2023-07-01T17:39:56","date_gmt":"2023-07-01T17:39:56","guid":{"rendered":"https:\/\/www.yuse.fr\/biarritz-pays-basque-aeropuertobiq-aeropuerto\/"},"modified":"2023-08-22T08:48:07","modified_gmt":"2023-08-22T08:48:07","slug":"biarritz-pays-basque-aeropuertobiq-aeropuerto","status":"publish","type":"page","link":"https:\/\/www.yuse.fr\/es\/biarritz-pays-basque-aeropuertobiq-aeropuerto\/","title":{"rendered":"Biarritz Pays Basque AeropuertoBIQ Aeropuerto"},"content":{"rendered":"\t\t<div data-elementor-type=\"wp-page\" data-elementor-id=\"4023\" class=\"elementor elementor-4023 elementor-708\" data-elementor-post-type=\"page\">\n\t\t\t\t\t\t\t\t\t<section class=\"elementor-section elementor-top-section elementor-element elementor-element-c915637 elementor-section-boxed elementor-section-height-default elementor-section-height-default\" data-id=\"c915637\" data-element_type=\"section\">\n\t\t\t\t\t\t<div class=\"elementor-container elementor-column-gap-default\">\n\t\t\t\t\t<div class=\"elementor-column elementor-col-100 elementor-top-column elementor-element elementor-element-0f85d9d\" data-id=\"0f85d9d\" data-element_type=\"column\">\n\t\t\t<div class=\"elementor-widget-wrap elementor-element-populated\">\n\t\t\t\t\t\t\t\t<div class=\"elementor-element elementor-element-42c50dd elementor-widget elementor-widget-heading\" data-id=\"42c50dd\" data-element_type=\"widget\" data-widget_type=\"heading.default\">\n\t\t\t\t<div class=\"elementor-widget-container\">\n\t\t\t<style>\/*! elementor - v3.14.0 - 18-06-2023 *\/\n.elementor-heading-title{padding:0;margin:0;line-height:1}.elementor-widget-heading .elementor-heading-title[class*=elementor-size-]>a{color:inherit;font-size:inherit;line-height:inherit}.elementor-widget-heading .elementor-heading-title.elementor-size-small{font-size:15px}.elementor-widget-heading .elementor-heading-title.elementor-size-medium{font-size:19px}.elementor-widget-heading .elementor-heading-title.elementor-size-large{font-size:29px}.elementor-widget-heading .elementor-heading-title.elementor-size-xl{font-size:39px}.elementor-widget-heading .elementor-heading-title.elementor-size-xxl{font-size:59px}<\/style><h2 class=\"elementor-heading-title elementor-size-default\">Aeropuerto de Biarritz Pays Basque BIQ<\/h2>\t\t<\/div>\n\t\t\t\t<\/div>\n\t\t\t\t<div class=\"elementor-element elementor-element-5c51737 elementor-widget elementor-widget-text-editor\" data-id=\"5c51737\" data-element_type=\"widget\" data-widget_type=\"text-editor.default\">\n\t\t\t\t<div class=\"elementor-widget-container\">\n\t\t\t<style>\/*! elementor - v3.14.0 - 18-06-2023 *\/\n.elementor-widget-text-editor.elementor-drop-cap-view-stacked .elementor-drop-cap{background-color:#69727d;color:#fff}.elementor-widget-text-editor.elementor-drop-cap-view-framed .elementor-drop-cap{color:#69727d;border:3px solid;background-color:transparent}.elementor-widget-text-editor:not(.elementor-drop-cap-view-default) .elementor-drop-cap{margin-top:8px}.elementor-widget-text-editor:not(.elementor-drop-cap-view-default) .elementor-drop-cap-letter{width:1em;height:1em}.elementor-widget-text-editor .elementor-drop-cap{float:left;text-align:center;line-height:1;font-size:50px}.elementor-widget-text-editor .elementor-drop-cap-letter{display:inline-block}<\/style>\t\t\t\t<p>Reserve aqu\u00ed un servicio de taxi privado y un conductor VTC le recoger\u00e1 en el aeropuerto de Biarritz y le llevar\u00e1 a su destino las 24 horas del d\u00eda.<\/p>\n\t\t\t\t\t\t<\/div>\n\t\t\t\t<\/div>\n\t\t\t\t<div class=\"elementor-element elementor-element-37730ea elementor-align-center elementor-widget elementor-widget-button\" data-id=\"37730ea\" data-element_type=\"widget\" data-widget_type=\"button.default\">\n\t\t\t\t<div class=\"elementor-widget-container\">\n\t\t\t\t\t<div class=\"elementor-button-wrapper\">\n\t\t\t<a class=\"elementor-button elementor-button-link elementor-size-sm\" href=\"#\">\n\t\t\t\t\t\t<span class=\"elementor-button-content-wrapper\">\n\t\t\t\t\t\t<span class=\"elementor-button-text\">Pulse aqu\u00ed<\/span>\n\t\t<\/span>\n\t\t\t\t\t<\/a>\n\t\t<\/div>\n\t\t\t\t<\/div>\n\t\t\t\t<\/div>\n\t\t\t\t<div class=\"elementor-element elementor-element-63b6893 elementor-widget elementor-widget-image\" data-id=\"63b6893\" data-element_type=\"widget\" data-widget_type=\"image.default\">\n\t\t\t\t<div class=\"elementor-widget-container\">\n\t\t\t<style>\/*! elementor - v3.14.0 - 18-06-2023 *\/\n.elementor-widget-image{text-align:center}.elementor-widget-image a{display:inline-block}.elementor-widget-image a img[src$=\".svg\"]{width:48px}.elementor-widget-image img{vertical-align:middle;display:inline-block}<\/style>\t\t\t\t\t\t\t\t\t\t\t\t<img loading=\"lazy\" decoding=\"async\" width=\"800\" height=\"369\" src=\"https:\/\/www.yuse.fr\/wp-content\/uploads\/2023\/07\/transport-taxi-vtc-cab-aeroport-de-Biarritz-Pays-Basque.webp\" class=\"attachment-large size-large wp-image-2062\" alt=\"\" srcset=\"https:\/\/www.yuse.fr\/wp-content\/uploads\/2023\/07\/transport-taxi-vtc-cab-aeroport-de-Biarritz-Pays-Basque.webp 983w, https:\/\/www.yuse.fr\/wp-content\/uploads\/2023\/07\/transport-taxi-vtc-cab-aeroport-de-Biarritz-Pays-Basque-300x139.webp 300w, https:\/\/www.yuse.fr\/wp-content\/uploads\/2023\/07\/transport-taxi-vtc-cab-aeroport-de-Biarritz-Pays-Basque-768x355.webp 768w\" sizes=\"auto, (max-width: 800px) 100vw, 800px\" \/>\t\t\t\t\t\t\t\t\t\t\t\t\t\t\t<\/div>\n\t\t\t\t<\/div>\n\t\t\t\t\t<\/div>\n\t\t<\/div>\n\t\t\t\t\t\t\t<\/div>\n\t\t<\/section>\n\t\t\t\t\t\t\t<\/div>\n\t\t","protected":false},"excerpt":{"rendered":"<p>Aeropuerto de Biarritz Pays Basque BIQ Reserve aqu\u00ed un servicio de taxi privado y un conductor VTC le recoger\u00e1 en el aeropuerto de Biarritz y le llevar\u00e1 a su destino las 24 horas del d\u00eda. Pulse aqu\u00ed<\/p>\n","protected":false},"author":1,"featured_media":0,"parent":0,"menu_order":0,"comment_status":"closed","ping_status":"closed","template":"","meta":{"footnotes":""},"class_list":["post-4023","page","type-page","status-publish","hentry"],"yoast_head":"<!-- This site is optimized with the Yoast SEO plugin v21.1 - https:\/\/yoast.com\/wordpress\/plugins\/seo\/ -->\n<title>Biarritz Pays Basque AeropuertoBIQ Aeropuerto - Application YUSE vos chauffeurs VTC 7\/24 - Biarritz Anglet Bayonne BAB<\/title>\n<meta name=\"robots\" content=\"index, follow, max-snippet:-1, max-image-preview:large, max-video-preview:-1\" \/>\n<link rel=\"canonical\" href=\"https:\/\/www.yuse.fr\/es\/biarritz-pays-basque-aeropuertobiq-aeropuerto\/\" \/>\n<meta property=\"og:locale\" content=\"es_ES\" \/>\n<meta property=\"og:type\" content=\"article\" \/>\n<meta property=\"og:title\" content=\"Biarritz Pays Basque AeropuertoBIQ Aeropuerto - Application YUSE vos chauffeurs VTC 7\/24 - Biarritz Anglet Bayonne BAB\" \/>\n<meta property=\"og:description\" content=\"Aeropuerto de Biarritz Pays Basque BIQ Reserve aqu\u00ed un servicio de taxi privado y un conductor VTC le recoger\u00e1 en el aeropuerto de Biarritz y le llevar\u00e1 a su destino las 24 horas del d\u00eda. Pulse aqu\u00ed\" \/>\n<meta property=\"og:url\" content=\"https:\/\/www.yuse.fr\/es\/biarritz-pays-basque-aeropuertobiq-aeropuerto\/\" \/>\n<meta property=\"og:site_name\" content=\"Application YUSE vos chauffeurs VTC 7\/24 - Biarritz Anglet Bayonne BAB\" \/>\n<meta property=\"article:modified_time\" content=\"2023-08-22T08:48:07+00:00\" \/>\n<meta property=\"og:image\" content=\"https:\/\/www.yuse.fr\/wp-content\/uploads\/2023\/07\/transport-taxi-vtc-cab-aeroport-de-Biarritz-Pays-Basque.webp\" \/>\n<meta name=\"twitter:card\" content=\"summary_large_image\" \/>\n<script type=\"application\/ld+json\" class=\"yoast-schema-graph\">{\"@context\":\"https:\/\/schema.org\",\"@graph\":[{\"@type\":\"WebPage\",\"@id\":\"https:\/\/www.yuse.fr\/es\/biarritz-pays-basque-aeropuertobiq-aeropuerto\/\",\"url\":\"https:\/\/www.yuse.fr\/es\/biarritz-pays-basque-aeropuertobiq-aeropuerto\/\",\"name\":\"Biarritz Pays Basque AeropuertoBIQ Aeropuerto - Application YUSE vos chauffeurs VTC 7\/24 - Biarritz Anglet Bayonne BAB\",\"isPartOf\":{\"@id\":\"https:\/\/www.yuse.fr\/es\/#website\"},\"datePublished\":\"2023-07-01T17:39:56+00:00\",\"dateModified\":\"2023-08-22T08:48:07+00:00\",\"breadcrumb\":{\"@id\":\"https:\/\/www.yuse.fr\/es\/biarritz-pays-basque-aeropuertobiq-aeropuerto\/#breadcrumb\"},\"inLanguage\":\"es\",\"potentialAction\":[{\"@type\":\"ReadAction\",\"target\":[\"https:\/\/www.yuse.fr\/es\/biarritz-pays-basque-aeropuertobiq-aeropuerto\/\"]}]},{\"@type\":\"BreadcrumbList\",\"@id\":\"https:\/\/www.yuse.fr\/es\/biarritz-pays-basque-aeropuertobiq-aeropuerto\/#breadcrumb\",\"itemListElement\":[{\"@type\":\"ListItem\",\"position\":1,\"name\":\"Accueil\",\"item\":\"https:\/\/www.yuse.fr\/es\/\"},{\"@type\":\"ListItem\",\"position\":2,\"name\":\"Biarritz Pays Basque AeropuertoBIQ Aeropuerto\"}]},{\"@type\":\"WebSite\",\"@id\":\"https:\/\/www.yuse.fr\/es\/#website\",\"url\":\"https:\/\/www.yuse.fr\/es\/\",\"name\":\"Application YUSE vos chauffeurs VTC 7\/24 - Biarritz Anglet Bayonne BAB\",\"description\":\"Yuse\",\"publisher\":{\"@id\":\"https:\/\/www.yuse.fr\/es\/#organization\"},\"potentialAction\":[{\"@type\":\"SearchAction\",\"target\":{\"@type\":\"EntryPoint\",\"urlTemplate\":\"https:\/\/www.yuse.fr\/es\/?s={search_term_string}\"},\"query-input\":\"required name=search_term_string\"}],\"inLanguage\":\"es\"},{\"@type\":\"Organization\",\"@id\":\"https:\/\/www.yuse.fr\/es\/#organization\",\"name\":\"Application YUSE vos chauffeurs VTC 7\/24 - Biarritz Anglet Bayonne BAB\",\"url\":\"https:\/\/www.yuse.fr\/es\/\",\"logo\":{\"@type\":\"ImageObject\",\"inLanguage\":\"es\",\"@id\":\"https:\/\/www.yuse.fr\/es\/#\/schema\/logo\/image\/\",\"url\":\"https:\/\/www.yuse.fr\/wp-content\/uploads\/2023\/06\/Design-sans-titre-77.png\",\"contentUrl\":\"https:\/\/www.yuse.fr\/wp-content\/uploads\/2023\/06\/Design-sans-titre-77.png\",\"width\":350,\"height\":100,\"caption\":\"Application YUSE vos chauffeurs VTC 7\/24 - Biarritz Anglet Bayonne BAB\"},\"image\":{\"@id\":\"https:\/\/www.yuse.fr\/es\/#\/schema\/logo\/image\/\"}}]}<\/script>\n<!-- \/ Yoast SEO plugin. -->","yoast_head_json":{"title":"Biarritz Pays Basque AeropuertoBIQ Aeropuerto - Application YUSE vos chauffeurs VTC 7\/24 - Biarritz Anglet Bayonne BAB","robots":{"index":"index","follow":"follow","max-snippet":"max-snippet:-1","max-image-preview":"max-image-preview:large","max-video-preview":"max-video-preview:-1"},"canonical":"https:\/\/www.yuse.fr\/es\/biarritz-pays-basque-aeropuertobiq-aeropuerto\/","og_locale":"es_ES","og_type":"article","og_title":"Biarritz Pays Basque AeropuertoBIQ Aeropuerto - Application YUSE vos chauffeurs VTC 7\/24 - Biarritz Anglet Bayonne BAB","og_description":"Aeropuerto de Biarritz Pays Basque BIQ Reserve aqu\u00ed un servicio de taxi privado y un conductor VTC le recoger\u00e1 en el aeropuerto de Biarritz y le llevar\u00e1 a su destino las 24 horas del d\u00eda. Pulse aqu\u00ed","og_url":"https:\/\/www.yuse.fr\/es\/biarritz-pays-basque-aeropuertobiq-aeropuerto\/","og_site_name":"Application YUSE vos chauffeurs VTC 7\/24 - Biarritz Anglet Bayonne BAB","article_modified_time":"2023-08-22T08:48:07+00:00","og_image":[{"url":"https:\/\/www.yuse.fr\/wp-content\/uploads\/2023\/07\/transport-taxi-vtc-cab-aeroport-de-Biarritz-Pays-Basque.webp"}],"twitter_card":"summary_large_image","schema":{"@context":"https:\/\/schema.org","@graph":[{"@type":"WebPage","@id":"https:\/\/www.yuse.fr\/es\/biarritz-pays-basque-aeropuertobiq-aeropuerto\/","url":"https:\/\/www.yuse.fr\/es\/biarritz-pays-basque-aeropuertobiq-aeropuerto\/","name":"Biarritz Pays Basque AeropuertoBIQ Aeropuerto - Application YUSE vos chauffeurs VTC 7\/24 - Biarritz Anglet Bayonne BAB","isPartOf":{"@id":"https:\/\/www.yuse.fr\/es\/#website"},"datePublished":"2023-07-01T17:39:56+00:00","dateModified":"2023-08-22T08:48:07+00:00","breadcrumb":{"@id":"https:\/\/www.yuse.fr\/es\/biarritz-pays-basque-aeropuertobiq-aeropuerto\/#breadcrumb"},"inLanguage":"es","potentialAction":[{"@type":"ReadAction","target":["https:\/\/www.yuse.fr\/es\/biarritz-pays-basque-aeropuertobiq-aeropuerto\/"]}]},{"@type":"BreadcrumbList","@id":"https:\/\/www.yuse.fr\/es\/biarritz-pays-basque-aeropuertobiq-aeropuerto\/#breadcrumb","itemListElement":[{"@type":"ListItem","position":1,"name":"Accueil","item":"https:\/\/www.yuse.fr\/es\/"},{"@type":"ListItem","position":2,"name":"Biarritz Pays Basque AeropuertoBIQ Aeropuerto"}]},{"@type":"WebSite","@id":"https:\/\/www.yuse.fr\/es\/#website","url":"https:\/\/www.yuse.fr\/es\/","name":"Application YUSE vos chauffeurs VTC 7\/24 - Biarritz Anglet Bayonne BAB","description":"Yuse","publisher":{"@id":"https:\/\/www.yuse.fr\/es\/#organization"},"potentialAction":[{"@type":"SearchAction","target":{"@type":"EntryPoint","urlTemplate":"https:\/\/www.yuse.fr\/es\/?s={search_term_string}"},"query-input":"required name=search_term_string"}],"inLanguage":"es"},{"@type":"Organization","@id":"https:\/\/www.yuse.fr\/es\/#organization","name":"Application YUSE vos chauffeurs VTC 7\/24 - Biarritz Anglet Bayonne BAB","url":"https:\/\/www.yuse.fr\/es\/","logo":{"@type":"ImageObject","inLanguage":"es","@id":"https:\/\/www.yuse.fr\/es\/#\/schema\/logo\/image\/","url":"https:\/\/www.yuse.fr\/wp-content\/uploads\/2023\/06\/Design-sans-titre-77.png","contentUrl":"https:\/\/www.yuse.fr\/wp-content\/uploads\/2023\/06\/Design-sans-titre-77.png","width":350,"height":100,"caption":"Application YUSE vos chauffeurs VTC 7\/24 - Biarritz Anglet Bayonne BAB"},"image":{"@id":"https:\/\/www.yuse.fr\/es\/#\/schema\/logo\/image\/"}}]}},"_links":{"self":[{"href":"https:\/\/www.yuse.fr\/es\/wp-json\/wp\/v2\/pages\/4023","targetHints":{"allow":["GET"]}}],"collection":[{"href":"https:\/\/www.yuse.fr\/es\/wp-json\/wp\/v2\/pages"}],"about":[{"href":"https:\/\/www.yuse.fr\/es\/wp-json\/wp\/v2\/types\/page"}],"author":[{"embeddable":true,"href":"https:\/\/www.yuse.fr\/es\/wp-json\/wp\/v2\/users\/1"}],"replies":[{"embeddable":true,"href":"https:\/\/www.yuse.fr\/es\/wp-json\/wp\/v2\/comments?post=4023"}],"version-history":[{"count":3,"href":"https:\/\/www.yuse.fr\/es\/wp-json\/wp\/v2\/pages\/4023\/revisions"}],"predecessor-version":[{"id":4033,"href":"https:\/\/www.yuse.fr\/es\/wp-json\/wp\/v2\/pages\/4023\/revisions\/4033"}],"wp:attachment":[{"href":"https:\/\/www.yuse.fr\/es\/wp-json\/wp\/v2\/media?parent=4023"}],"curies":[{"name":"wp","href":"https:\/\/api.w.org\/{rel}","templated":true}]}}