{"id":4086,"date":"2023-07-09T15:01:32","date_gmt":"2023-07-09T15:01:32","guid":{"rendered":"https:\/\/www.yuse.fr\/traslado-taxi-vtc-uber-bayona\/"},"modified":"2023-08-22T08:57:47","modified_gmt":"2023-08-22T08:57:47","slug":"traslado-taxi-vtc-uber-bayona","status":"publish","type":"page","link":"https:\/\/www.yuse.fr\/es\/traslado-taxi-vtc-uber-bayona\/","title":{"rendered":"traslado taxi vtc uber bayona"},"content":{"rendered":"\t\t<div data-elementor-type=\"wp-page\" data-elementor-id=\"4086\" class=\"elementor elementor-4086 elementor-1084\" data-elementor-post-type=\"page\">\n\t\t\t\t\t\t\t\t\t<section class=\"elementor-section elementor-top-section elementor-element elementor-element-bbe21a5 elementor-section-boxed elementor-section-height-default elementor-section-height-default\" data-id=\"bbe21a5\" data-element_type=\"section\">\n\t\t\t\t\t\t<div class=\"elementor-container elementor-column-gap-default\">\n\t\t\t\t\t<div class=\"elementor-column elementor-col-100 elementor-top-column elementor-element elementor-element-0b2028c\" data-id=\"0b2028c\" data-element_type=\"column\">\n\t\t\t<div class=\"elementor-widget-wrap elementor-element-populated\">\n\t\t\t\t\t\t\t\t<div class=\"elementor-element elementor-element-f28dee8 elementor-widget elementor-widget-heading\" data-id=\"f28dee8\" data-element_type=\"widget\" data-widget_type=\"heading.default\">\n\t\t\t\t<div class=\"elementor-widget-container\">\n\t\t\t<style>\/*! elementor - v3.14.0 - 18-06-2023 *\/\n.elementor-heading-title{padding:0;margin:0;line-height:1}.elementor-widget-heading .elementor-heading-title[class*=elementor-size-]>a{color:inherit;font-size:inherit;line-height:inherit}.elementor-widget-heading .elementor-heading-title.elementor-size-small{font-size:15px}.elementor-widget-heading .elementor-heading-title.elementor-size-medium{font-size:19px}.elementor-widget-heading .elementor-heading-title.elementor-size-large{font-size:29px}.elementor-widget-heading .elementor-heading-title.elementor-size-xl{font-size:39px}.elementor-widget-heading .elementor-heading-title.elementor-size-xxl{font-size:59px}<\/style><h2 class=\"elementor-heading-title elementor-size-default\">Traslado a Bayona<\/h2>\t\t<\/div>\n\t\t\t\t<\/div>\n\t\t\t\t<div class=\"elementor-element elementor-element-ee41962 elementor-widget elementor-widget-image\" data-id=\"ee41962\" data-element_type=\"widget\" data-widget_type=\"image.default\">\n\t\t\t\t<div class=\"elementor-widget-container\">\n\t\t\t<style>\/*! elementor - v3.14.0 - 18-06-2023 *\/\n.elementor-widget-image{text-align:center}.elementor-widget-image a{display:inline-block}.elementor-widget-image a img[src$=\".svg\"]{width:48px}.elementor-widget-image img{vertical-align:middle;display:inline-block}<\/style>\t\t\t\t\t\t\t\t\t\t\t\t<img loading=\"lazy\" decoding=\"async\" width=\"639\" height=\"295\" src=\"https:\/\/www.yuse.fr\/wp-content\/uploads\/2023\/07\/fetes-de-bayonne.webp\" class=\"attachment-large size-large wp-image-2344\" alt=\"\" srcset=\"https:\/\/www.yuse.fr\/wp-content\/uploads\/2023\/07\/fetes-de-bayonne.webp 639w, https:\/\/www.yuse.fr\/wp-content\/uploads\/2023\/07\/fetes-de-bayonne-300x138.webp 300w\" sizes=\"auto, (max-width: 639px) 100vw, 639px\" \/>\t\t\t\t\t\t\t\t\t\t\t\t\t\t\t<\/div>\n\t\t\t\t<\/div>\n\t\t\t\t<div class=\"elementor-element elementor-element-a55ed17 elementor-widget elementor-widget-image\" data-id=\"a55ed17\" data-element_type=\"widget\" data-widget_type=\"image.default\">\n\t\t\t\t<div class=\"elementor-widget-container\">\n\t\t\t\t\t\t\t\t\t\t\t\t\t\t\t<img loading=\"lazy\" decoding=\"async\" width=\"220\" height=\"102\" src=\"https:\/\/www.yuse.fr\/wp-content\/uploads\/2023\/07\/Bayonne-nouveau.webp\" class=\"attachment-large size-large wp-image-2347\" alt=\"\" \/>\t\t\t\t\t\t\t\t\t\t\t\t\t\t\t<\/div>\n\t\t\t\t<\/div>\n\t\t\t\t<div class=\"elementor-element elementor-element-e06dcd5 elementor-widget elementor-widget-text-editor\" data-id=\"e06dcd5\" data-element_type=\"widget\" data-widget_type=\"text-editor.default\">\n\t\t\t\t<div class=\"elementor-widget-container\">\n\t\t\t<style>\/*! elementor - v3.14.0 - 18-06-2023 *\/\n.elementor-widget-text-editor.elementor-drop-cap-view-stacked .elementor-drop-cap{background-color:#69727d;color:#fff}.elementor-widget-text-editor.elementor-drop-cap-view-framed .elementor-drop-cap{color:#69727d;border:3px solid;background-color:transparent}.elementor-widget-text-editor:not(.elementor-drop-cap-view-default) .elementor-drop-cap{margin-top:8px}.elementor-widget-text-editor:not(.elementor-drop-cap-view-default) .elementor-drop-cap-letter{width:1em;height:1em}.elementor-widget-text-editor .elementor-drop-cap{float:left;text-align:center;line-height:1;font-size:50px}.elementor-widget-text-editor .elementor-drop-cap-letter{display:inline-block}<\/style>\t\t\t\t<p>Bayona, ciudad del Pa\u00eds Vasco, en el suroeste de Francia. Est\u00e1 situada en la confluencia de los r\u00edos Nive y Adour.<\/p>\n<p>Hay 2 distritos hist\u00f3ricos conocidos como Petit y Grand Bayonne.<\/p>\n<p>El Gran Bayona se caracteriza por sus estrechas calles medievales. Aqu\u00ed se encuentra la catedral g\u00f3tica de Notre-Dame (o Sainte-Marie), con su claustro del siglo XIII, y el Ch\u00e2teau-Vieux.<\/p>\n<p>Al otro lado de la Nive se encuentra el barrio de Petit Bayonne, donde podr\u00e1 visitar el Mus\u00e9e Basque et de l&#8217;Histoire de Bayonne, dedicado a las artes, la artesan\u00eda y las tradiciones de la regi\u00f3n.<\/p>\n<p>El inicio de la temporada tur\u00edstica est\u00e1 marcado por la Feria del Jam\u00f3n de Bayona, que se celebra desde 1462. Cada a\u00f1o se celebra un concurso para elegir el mejor jam\u00f3n de Bayona. Aqu\u00ed podr\u00e1 conocer a los productores locales que ofrecen una amplia gama de productos derivados del cerdo. Hay un ambiente alegre en las calles, en el esp\u00edritu de las fiestas de Bayona.<\/p>\n<p>La Feria del Jam\u00f3n de este a\u00f1o se celebra del jueves 9 de abril al domingo 12 de abril de 2020.<\/p>\n<p>Prestigiosa por sus fiestas tradicionales, Bayona es mundialmente conocida por sus festividades, que comienzan el mi\u00e9rcoles anterior al primer fin de semana de agosto y terminan el domingo siguiente. De d\u00eda y de noche, las fiestas de Bayona le arrasar\u00e1n con conciertos, corridas de toros, el corso, carreras de vacas, el despertar del Rey Le\u00f3n, parques de atracciones, bandas y mucho m\u00e1s&#8230; Encontrar\u00e1 mucho que hacer con su familia, sus amigos e incluso sus hijos.<\/p>\n\t\t\t\t\t\t<\/div>\n\t\t\t\t<\/div>\n\t\t\t\t<div class=\"elementor-element elementor-element-4e60ae1 elementor-align-center elementor-widget elementor-widget-button\" data-id=\"4e60ae1\" data-element_type=\"widget\" data-widget_type=\"button.default\">\n\t\t\t\t<div class=\"elementor-widget-container\">\n\t\t\t\t\t<div class=\"elementor-button-wrapper\">\n\t\t\t<a class=\"elementor-button elementor-button-link elementor-size-md\" href=\"https:\/\/www.yuse.fr\/es\/reservar-taxi-vtc-biarritz-bayona\/\">\n\t\t\t\t\t\t<span class=\"elementor-button-content-wrapper\">\n\t\t\t\t\t\t<span class=\"elementor-button-text\">Reservo aqu\u00ed<\/span>\n\t\t<\/span>\n\t\t\t\t\t<\/a>\n\t\t<\/div>\n\t\t\t\t<\/div>\n\t\t\t\t<\/div>\n\t\t\t\t\t<\/div>\n\t\t<\/div>\n\t\t\t\t\t\t\t<\/div>\n\t\t<\/section>\n\t\t\t\t\t\t\t<\/div>\n\t\t","protected":false},"excerpt":{"rendered":"<p>Traslado a Bayona Bayona, ciudad del Pa\u00eds Vasco, en el suroeste de Francia. Est\u00e1 situada en la confluencia de los r\u00edos Nive y Adour. Hay 2 distritos hist\u00f3ricos conocidos como Petit y Grand Bayonne. El Gran Bayona se caracteriza por sus estrechas calles medievales. Aqu\u00ed se encuentra la catedral g\u00f3tica de Notre-Dame (o Sainte-Marie), con [&hellip;]<\/p>\n","protected":false},"author":1,"featured_media":0,"parent":0,"menu_order":0,"comment_status":"closed","ping_status":"closed","template":"","meta":{"footnotes":""},"class_list":["post-4086","page","type-page","status-publish","hentry"],"yoast_head":"<!-- This site is optimized with the Yoast SEO plugin v21.1 - https:\/\/yoast.com\/wordpress\/plugins\/seo\/ -->\n<title>traslado taxi vtc uber bayona - Application YUSE vos chauffeurs VTC 7\/24 - Biarritz Anglet Bayonne BAB<\/title>\n<meta name=\"robots\" content=\"index, follow, max-snippet:-1, max-image-preview:large, max-video-preview:-1\" \/>\n<link rel=\"canonical\" href=\"https:\/\/www.yuse.fr\/es\/traslado-taxi-vtc-uber-bayona\/\" \/>\n<meta property=\"og:locale\" content=\"es_ES\" \/>\n<meta property=\"og:type\" content=\"article\" \/>\n<meta property=\"og:title\" content=\"traslado taxi vtc uber bayona - Application YUSE vos chauffeurs VTC 7\/24 - Biarritz Anglet Bayonne BAB\" \/>\n<meta property=\"og:description\" content=\"Traslado a Bayona Bayona, ciudad del Pa\u00eds Vasco, en el suroeste de Francia. Est\u00e1 situada en la confluencia de los r\u00edos Nive y Adour. Hay 2 distritos hist\u00f3ricos conocidos como Petit y Grand Bayonne. El Gran Bayona se caracteriza por sus estrechas calles medievales. Aqu\u00ed se encuentra la catedral g\u00f3tica de Notre-Dame (o Sainte-Marie), con [&hellip;]\" \/>\n<meta property=\"og:url\" content=\"https:\/\/www.yuse.fr\/es\/traslado-taxi-vtc-uber-bayona\/\" \/>\n<meta property=\"og:site_name\" content=\"Application YUSE vos chauffeurs VTC 7\/24 - Biarritz Anglet Bayonne BAB\" \/>\n<meta property=\"article:modified_time\" content=\"2023-08-22T08:57:47+00:00\" \/>\n<meta property=\"og:image\" content=\"https:\/\/www.yuse.fr\/wp-content\/uploads\/2023\/07\/fetes-de-bayonne.webp\" \/>\n<meta name=\"twitter:card\" content=\"summary_large_image\" \/>\n<meta name=\"twitter:label1\" content=\"Tiempo de lectura\" \/>\n\t<meta name=\"twitter:data1\" content=\"1 minuto\" \/>\n<script type=\"application\/ld+json\" class=\"yoast-schema-graph\">{\"@context\":\"https:\/\/schema.org\",\"@graph\":[{\"@type\":\"WebPage\",\"@id\":\"https:\/\/www.yuse.fr\/es\/traslado-taxi-vtc-uber-bayona\/\",\"url\":\"https:\/\/www.yuse.fr\/es\/traslado-taxi-vtc-uber-bayona\/\",\"name\":\"traslado taxi vtc uber bayona - Application YUSE vos chauffeurs VTC 7\/24 - Biarritz Anglet Bayonne BAB\",\"isPartOf\":{\"@id\":\"https:\/\/www.yuse.fr\/es\/#website\"},\"datePublished\":\"2023-07-09T15:01:32+00:00\",\"dateModified\":\"2023-08-22T08:57:47+00:00\",\"breadcrumb\":{\"@id\":\"https:\/\/www.yuse.fr\/es\/traslado-taxi-vtc-uber-bayona\/#breadcrumb\"},\"inLanguage\":\"es\",\"potentialAction\":[{\"@type\":\"ReadAction\",\"target\":[\"https:\/\/www.yuse.fr\/es\/traslado-taxi-vtc-uber-bayona\/\"]}]},{\"@type\":\"BreadcrumbList\",\"@id\":\"https:\/\/www.yuse.fr\/es\/traslado-taxi-vtc-uber-bayona\/#breadcrumb\",\"itemListElement\":[{\"@type\":\"ListItem\",\"position\":1,\"name\":\"Accueil\",\"item\":\"https:\/\/www.yuse.fr\/es\/\"},{\"@type\":\"ListItem\",\"position\":2,\"name\":\"traslado taxi vtc uber bayona\"}]},{\"@type\":\"WebSite\",\"@id\":\"https:\/\/www.yuse.fr\/es\/#website\",\"url\":\"https:\/\/www.yuse.fr\/es\/\",\"name\":\"Application YUSE vos chauffeurs VTC 7\/24 - Biarritz Anglet Bayonne BAB\",\"description\":\"Yuse\",\"publisher\":{\"@id\":\"https:\/\/www.yuse.fr\/es\/#organization\"},\"potentialAction\":[{\"@type\":\"SearchAction\",\"target\":{\"@type\":\"EntryPoint\",\"urlTemplate\":\"https:\/\/www.yuse.fr\/es\/?s={search_term_string}\"},\"query-input\":\"required name=search_term_string\"}],\"inLanguage\":\"es\"},{\"@type\":\"Organization\",\"@id\":\"https:\/\/www.yuse.fr\/es\/#organization\",\"name\":\"Application YUSE vos chauffeurs VTC 7\/24 - Biarritz Anglet Bayonne BAB\",\"url\":\"https:\/\/www.yuse.fr\/es\/\",\"logo\":{\"@type\":\"ImageObject\",\"inLanguage\":\"es\",\"@id\":\"https:\/\/www.yuse.fr\/es\/#\/schema\/logo\/image\/\",\"url\":\"https:\/\/www.yuse.fr\/wp-content\/uploads\/2023\/06\/Design-sans-titre-77.png\",\"contentUrl\":\"https:\/\/www.yuse.fr\/wp-content\/uploads\/2023\/06\/Design-sans-titre-77.png\",\"width\":350,\"height\":100,\"caption\":\"Application YUSE vos chauffeurs VTC 7\/24 - Biarritz Anglet Bayonne BAB\"},\"image\":{\"@id\":\"https:\/\/www.yuse.fr\/es\/#\/schema\/logo\/image\/\"}}]}<\/script>\n<!-- \/ Yoast SEO plugin. -->","yoast_head_json":{"title":"traslado taxi vtc uber bayona - Application YUSE vos chauffeurs VTC 7\/24 - Biarritz Anglet Bayonne BAB","robots":{"index":"index","follow":"follow","max-snippet":"max-snippet:-1","max-image-preview":"max-image-preview:large","max-video-preview":"max-video-preview:-1"},"canonical":"https:\/\/www.yuse.fr\/es\/traslado-taxi-vtc-uber-bayona\/","og_locale":"es_ES","og_type":"article","og_title":"traslado taxi vtc uber bayona - Application YUSE vos chauffeurs VTC 7\/24 - Biarritz Anglet Bayonne BAB","og_description":"Traslado a Bayona Bayona, ciudad del Pa\u00eds Vasco, en el suroeste de Francia. Est\u00e1 situada en la confluencia de los r\u00edos Nive y Adour. Hay 2 distritos hist\u00f3ricos conocidos como Petit y Grand Bayonne. El Gran Bayona se caracteriza por sus estrechas calles medievales. Aqu\u00ed se encuentra la catedral g\u00f3tica de Notre-Dame (o Sainte-Marie), con [&hellip;]","og_url":"https:\/\/www.yuse.fr\/es\/traslado-taxi-vtc-uber-bayona\/","og_site_name":"Application YUSE vos chauffeurs VTC 7\/24 - Biarritz Anglet Bayonne BAB","article_modified_time":"2023-08-22T08:57:47+00:00","og_image":[{"url":"https:\/\/www.yuse.fr\/wp-content\/uploads\/2023\/07\/fetes-de-bayonne.webp"}],"twitter_card":"summary_large_image","twitter_misc":{"Tiempo de lectura":"1 minuto"},"schema":{"@context":"https:\/\/schema.org","@graph":[{"@type":"WebPage","@id":"https:\/\/www.yuse.fr\/es\/traslado-taxi-vtc-uber-bayona\/","url":"https:\/\/www.yuse.fr\/es\/traslado-taxi-vtc-uber-bayona\/","name":"traslado taxi vtc uber bayona - Application YUSE vos chauffeurs VTC 7\/24 - Biarritz Anglet Bayonne BAB","isPartOf":{"@id":"https:\/\/www.yuse.fr\/es\/#website"},"datePublished":"2023-07-09T15:01:32+00:00","dateModified":"2023-08-22T08:57:47+00:00","breadcrumb":{"@id":"https:\/\/www.yuse.fr\/es\/traslado-taxi-vtc-uber-bayona\/#breadcrumb"},"inLanguage":"es","potentialAction":[{"@type":"ReadAction","target":["https:\/\/www.yuse.fr\/es\/traslado-taxi-vtc-uber-bayona\/"]}]},{"@type":"BreadcrumbList","@id":"https:\/\/www.yuse.fr\/es\/traslado-taxi-vtc-uber-bayona\/#breadcrumb","itemListElement":[{"@type":"ListItem","position":1,"name":"Accueil","item":"https:\/\/www.yuse.fr\/es\/"},{"@type":"ListItem","position":2,"name":"traslado taxi vtc uber bayona"}]},{"@type":"WebSite","@id":"https:\/\/www.yuse.fr\/es\/#website","url":"https:\/\/www.yuse.fr\/es\/","name":"Application YUSE vos chauffeurs VTC 7\/24 - Biarritz Anglet Bayonne BAB","description":"Yuse","publisher":{"@id":"https:\/\/www.yuse.fr\/es\/#organization"},"potentialAction":[{"@type":"SearchAction","target":{"@type":"EntryPoint","urlTemplate":"https:\/\/www.yuse.fr\/es\/?s={search_term_string}"},"query-input":"required name=search_term_string"}],"inLanguage":"es"},{"@type":"Organization","@id":"https:\/\/www.yuse.fr\/es\/#organization","name":"Application YUSE vos chauffeurs VTC 7\/24 - Biarritz Anglet Bayonne BAB","url":"https:\/\/www.yuse.fr\/es\/","logo":{"@type":"ImageObject","inLanguage":"es","@id":"https:\/\/www.yuse.fr\/es\/#\/schema\/logo\/image\/","url":"https:\/\/www.yuse.fr\/wp-content\/uploads\/2023\/06\/Design-sans-titre-77.png","contentUrl":"https:\/\/www.yuse.fr\/wp-content\/uploads\/2023\/06\/Design-sans-titre-77.png","width":350,"height":100,"caption":"Application YUSE vos chauffeurs VTC 7\/24 - Biarritz Anglet Bayonne BAB"},"image":{"@id":"https:\/\/www.yuse.fr\/es\/#\/schema\/logo\/image\/"}}]}},"_links":{"self":[{"href":"https:\/\/www.yuse.fr\/es\/wp-json\/wp\/v2\/pages\/4086","targetHints":{"allow":["GET"]}}],"collection":[{"href":"https:\/\/www.yuse.fr\/es\/wp-json\/wp\/v2\/pages"}],"about":[{"href":"https:\/\/www.yuse.fr\/es\/wp-json\/wp\/v2\/types\/page"}],"author":[{"embeddable":true,"href":"https:\/\/www.yuse.fr\/es\/wp-json\/wp\/v2\/users\/1"}],"replies":[{"embeddable":true,"href":"https:\/\/www.yuse.fr\/es\/wp-json\/wp\/v2\/comments?post=4086"}],"version-history":[{"count":3,"href":"https:\/\/www.yuse.fr\/es\/wp-json\/wp\/v2\/pages\/4086\/revisions"}],"predecessor-version":[{"id":4096,"href":"https:\/\/www.yuse.fr\/es\/wp-json\/wp\/v2\/pages\/4086\/revisions\/4096"}],"wp:attachment":[{"href":"https:\/\/www.yuse.fr\/es\/wp-json\/wp\/v2\/media?parent=4086"}],"curies":[{"name":"wp","href":"https:\/\/api.w.org\/{rel}","templated":true}]}}