{"id":4138,"date":"2023-07-09T14:46:29","date_gmt":"2023-07-09T14:46:29","guid":{"rendered":"https:\/\/www.yuse.fr\/traslado-taxi-vtc-saint-jean-pied-de-port\/"},"modified":"2023-08-22T09:09:08","modified_gmt":"2023-08-22T09:09:08","slug":"traslado-taxi-vtc-saint-jean-pied-de-port","status":"publish","type":"page","link":"https:\/\/www.yuse.fr\/es\/traslado-taxi-vtc-saint-jean-pied-de-port\/","title":{"rendered":"traslado taxi vtc saint jean pied de port"},"content":{"rendered":"\t\t<div data-elementor-type=\"wp-page\" data-elementor-id=\"4138\" class=\"elementor elementor-4138 elementor-1052\" data-elementor-post-type=\"page\">\n\t\t\t\t\t\t\t\t\t<section class=\"elementor-section elementor-top-section elementor-element elementor-element-8857123 elementor-section-boxed elementor-section-height-default elementor-section-height-default\" data-id=\"8857123\" data-element_type=\"section\">\n\t\t\t\t\t\t<div class=\"elementor-container elementor-column-gap-default\">\n\t\t\t\t\t<div class=\"elementor-column elementor-col-100 elementor-top-column elementor-element elementor-element-95fce69\" data-id=\"95fce69\" data-element_type=\"column\">\n\t\t\t<div class=\"elementor-widget-wrap elementor-element-populated\">\n\t\t\t\t\t\t\t\t<div class=\"elementor-element elementor-element-d4ad7b9 elementor-widget elementor-widget-heading\" data-id=\"d4ad7b9\" data-element_type=\"widget\" data-widget_type=\"heading.default\">\n\t\t\t\t<div class=\"elementor-widget-container\">\n\t\t\t<style>\/*! elementor - v3.14.0 - 18-06-2023 *\/\n.elementor-heading-title{padding:0;margin:0;line-height:1}.elementor-widget-heading .elementor-heading-title[class*=elementor-size-]>a{color:inherit;font-size:inherit;line-height:inherit}.elementor-widget-heading .elementor-heading-title.elementor-size-small{font-size:15px}.elementor-widget-heading .elementor-heading-title.elementor-size-medium{font-size:19px}.elementor-widget-heading .elementor-heading-title.elementor-size-large{font-size:29px}.elementor-widget-heading .elementor-heading-title.elementor-size-xl{font-size:39px}.elementor-widget-heading .elementor-heading-title.elementor-size-xxl{font-size:59px}<\/style><h2 class=\"elementor-heading-title elementor-size-default\">Traslado a Saint-Jean-Pied-de-Port<\/h2>\t\t<\/div>\n\t\t\t\t<\/div>\n\t\t\t\t<div class=\"elementor-element elementor-element-24b036c elementor-widget elementor-widget-image\" data-id=\"24b036c\" data-element_type=\"widget\" data-widget_type=\"image.default\">\n\t\t\t\t<div class=\"elementor-widget-container\">\n\t\t\t<style>\/*! elementor - v3.14.0 - 18-06-2023 *\/\n.elementor-widget-image{text-align:center}.elementor-widget-image a{display:inline-block}.elementor-widget-image a img[src$=\".svg\"]{width:48px}.elementor-widget-image img{vertical-align:middle;display:inline-block}<\/style>\t\t\t\t\t\t\t\t\t\t\t\t<img loading=\"lazy\" decoding=\"async\" width=\"448\" height=\"336\" src=\"https:\/\/www.yuse.fr\/wp-content\/uploads\/2023\/07\/f87185_8d678a5e447547deaaab6cde067bd4edmv2.webp\" class=\"attachment-large size-large wp-image-2314\" alt=\"\" srcset=\"https:\/\/www.yuse.fr\/wp-content\/uploads\/2023\/07\/f87185_8d678a5e447547deaaab6cde067bd4edmv2.webp 448w, https:\/\/www.yuse.fr\/wp-content\/uploads\/2023\/07\/f87185_8d678a5e447547deaaab6cde067bd4edmv2-300x225.webp 300w\" sizes=\"auto, (max-width: 448px) 100vw, 448px\" \/>\t\t\t\t\t\t\t\t\t\t\t\t\t\t\t<\/div>\n\t\t\t\t<\/div>\n\t\t\t\t<div class=\"elementor-element elementor-element-b732ee8 elementor-widget elementor-widget-image\" data-id=\"b732ee8\" data-element_type=\"widget\" data-widget_type=\"image.default\">\n\t\t\t\t<div class=\"elementor-widget-container\">\n\t\t\t\t\t\t\t\t\t\t\t\t\t\t\t<img loading=\"lazy\" decoding=\"async\" width=\"176\" height=\"80\" src=\"https:\/\/www.yuse.fr\/wp-content\/uploads\/2023\/07\/f87185_c44f11d29bc84585b9f9274a1b7909eemv2.webp\" class=\"attachment-large size-large wp-image-2317\" alt=\"\" \/>\t\t\t\t\t\t\t\t\t\t\t\t\t\t\t<\/div>\n\t\t\t\t<\/div>\n\t\t\t\t<div class=\"elementor-element elementor-element-ca3a76b elementor-widget elementor-widget-text-editor\" data-id=\"ca3a76b\" data-element_type=\"widget\" data-widget_type=\"text-editor.default\">\n\t\t\t\t<div class=\"elementor-widget-container\">\n\t\t\t<style>\/*! elementor - v3.14.0 - 18-06-2023 *\/\n.elementor-widget-text-editor.elementor-drop-cap-view-stacked .elementor-drop-cap{background-color:#69727d;color:#fff}.elementor-widget-text-editor.elementor-drop-cap-view-framed .elementor-drop-cap{color:#69727d;border:3px solid;background-color:transparent}.elementor-widget-text-editor:not(.elementor-drop-cap-view-default) .elementor-drop-cap{margin-top:8px}.elementor-widget-text-editor:not(.elementor-drop-cap-view-default) .elementor-drop-cap-letter{width:1em;height:1em}.elementor-widget-text-editor .elementor-drop-cap{float:left;text-align:center;line-height:1;font-size:50px}.elementor-widget-text-editor .elementor-drop-cap-letter{display:inline-block}<\/style>\t\t\t\t<p class=\"font_7 wixui-rich-text__text\"><span class=\"wixui-rich-text__text\">El pueblo de Saint Jean Pied de Port est\u00e1 situado en el coraz\u00f3n del Pa\u00eds Vasco.<\/span><\/p>\n<p class=\"font_7 wixui-rich-text__text\"><span class=\"wixui-rich-text__text\">Es una etapa importante en la ruta de peregrinaci\u00f3n a Santiago de Compostela, justo antes de cruzar los Pirineos hacia Roncesvalles, en Navarra, a unos cincuenta kil\u00f3metros al norte de Pamplona. Puede detenerse en el Monasterio de Roncesvalles, reabierto en 1982.<\/span><\/p>\n<p class=\"font_7 wixui-rich-text__text\"><span class=\"wixui-rich-text__text\">Nuestro equipo de conductores puede recogerle en el aeropuerto de Biarritz y llevarle a Saint Jean Pied de Port.<\/span><\/p>\n<p class=\"font_7 wixui-rich-text__text\"><span class=\"wixui-rich-text__text\">Tambi\u00e9n podemos recogerle en la estaci\u00f3n de Bayona o Biarritz.<\/span><\/p>\n<p class=\"font_7 wixui-rich-text__text\"><span class=\"wixui-rich-text__text\">Estamos disponibles para traslados a Saint Jean Pied de Port los 7 d\u00edas de la semana y las 24 horas del d\u00eda seg\u00fan sus necesidades.<\/span><\/p>\n<p class=\"font_7 wixui-rich-text__text\"><span class=\"wixui-rich-text__text\">Disponemos de veh\u00edculos VAN de hasta 7 plazas que tambi\u00e9n pueden transportar su equipaje.<\/span><\/p>\n\t\t\t\t\t\t<\/div>\n\t\t\t\t<\/div>\n\t\t\t\t<div class=\"elementor-element elementor-element-4895766 elementor-align-center elementor-widget elementor-widget-button\" data-id=\"4895766\" data-element_type=\"widget\" data-widget_type=\"button.default\">\n\t\t\t\t<div class=\"elementor-widget-container\">\n\t\t\t\t\t<div class=\"elementor-button-wrapper\">\n\t\t\t<a class=\"elementor-button elementor-button-link elementor-size-md\" href=\"https:\/\/www.yuse.fr\/es\/reservar-taxi-vtc-biarritz-bayona\/\">\n\t\t\t\t\t\t<span class=\"elementor-button-content-wrapper\">\n\t\t\t\t\t\t<span class=\"elementor-button-text\">Reservo aqu\u00ed<\/span>\n\t\t<\/span>\n\t\t\t\t\t<\/a>\n\t\t<\/div>\n\t\t\t\t<\/div>\n\t\t\t\t<\/div>\n\t\t\t\t\t<\/div>\n\t\t<\/div>\n\t\t\t\t\t\t\t<\/div>\n\t\t<\/section>\n\t\t\t\t\t\t\t<\/div>\n\t\t","protected":false},"excerpt":{"rendered":"<p>Traslado a Saint-Jean-Pied-de-Port El pueblo de Saint Jean Pied de Port est\u00e1 situado en el coraz\u00f3n del Pa\u00eds Vasco. Es una etapa importante en la ruta de peregrinaci\u00f3n a Santiago de Compostela, justo antes de cruzar los Pirineos hacia Roncesvalles, en Navarra, a unos cincuenta kil\u00f3metros al norte de Pamplona. Puede detenerse en el Monasterio [&hellip;]<\/p>\n","protected":false},"author":1,"featured_media":0,"parent":0,"menu_order":0,"comment_status":"closed","ping_status":"closed","template":"","meta":{"footnotes":""},"class_list":["post-4138","page","type-page","status-publish","hentry"],"yoast_head":"<!-- This site is optimized with the Yoast SEO plugin v21.1 - https:\/\/yoast.com\/wordpress\/plugins\/seo\/ -->\n<title>traslado taxi vtc saint jean pied de port - Application YUSE vos chauffeurs VTC 7\/24 - Biarritz Anglet Bayonne BAB<\/title>\n<meta name=\"robots\" content=\"index, follow, max-snippet:-1, max-image-preview:large, max-video-preview:-1\" \/>\n<link rel=\"canonical\" href=\"https:\/\/www.yuse.fr\/es\/traslado-taxi-vtc-saint-jean-pied-de-port\/\" \/>\n<meta property=\"og:locale\" content=\"es_ES\" \/>\n<meta property=\"og:type\" content=\"article\" \/>\n<meta property=\"og:title\" content=\"traslado taxi vtc saint jean pied de port - Application YUSE vos chauffeurs VTC 7\/24 - Biarritz Anglet Bayonne BAB\" \/>\n<meta property=\"og:description\" content=\"Traslado a Saint-Jean-Pied-de-Port El pueblo de Saint Jean Pied de Port est\u00e1 situado en el coraz\u00f3n del Pa\u00eds Vasco. Es una etapa importante en la ruta de peregrinaci\u00f3n a Santiago de Compostela, justo antes de cruzar los Pirineos hacia Roncesvalles, en Navarra, a unos cincuenta kil\u00f3metros al norte de Pamplona. Puede detenerse en el Monasterio [&hellip;]\" \/>\n<meta property=\"og:url\" content=\"https:\/\/www.yuse.fr\/es\/traslado-taxi-vtc-saint-jean-pied-de-port\/\" \/>\n<meta property=\"og:site_name\" content=\"Application YUSE vos chauffeurs VTC 7\/24 - Biarritz Anglet Bayonne BAB\" \/>\n<meta property=\"article:modified_time\" content=\"2023-08-22T09:09:08+00:00\" \/>\n<meta property=\"og:image\" content=\"https:\/\/www.yuse.fr\/wp-content\/uploads\/2023\/07\/f87185_8d678a5e447547deaaab6cde067bd4edmv2.webp\" \/>\n<meta name=\"twitter:card\" content=\"summary_large_image\" \/>\n<meta name=\"twitter:label1\" content=\"Tiempo de lectura\" \/>\n\t<meta name=\"twitter:data1\" content=\"1 minuto\" \/>\n<script type=\"application\/ld+json\" class=\"yoast-schema-graph\">{\"@context\":\"https:\/\/schema.org\",\"@graph\":[{\"@type\":\"WebPage\",\"@id\":\"https:\/\/www.yuse.fr\/es\/traslado-taxi-vtc-saint-jean-pied-de-port\/\",\"url\":\"https:\/\/www.yuse.fr\/es\/traslado-taxi-vtc-saint-jean-pied-de-port\/\",\"name\":\"traslado taxi vtc saint jean pied de port - Application YUSE vos chauffeurs VTC 7\/24 - Biarritz Anglet Bayonne BAB\",\"isPartOf\":{\"@id\":\"https:\/\/www.yuse.fr\/es\/#website\"},\"datePublished\":\"2023-07-09T14:46:29+00:00\",\"dateModified\":\"2023-08-22T09:09:08+00:00\",\"breadcrumb\":{\"@id\":\"https:\/\/www.yuse.fr\/es\/traslado-taxi-vtc-saint-jean-pied-de-port\/#breadcrumb\"},\"inLanguage\":\"es\",\"potentialAction\":[{\"@type\":\"ReadAction\",\"target\":[\"https:\/\/www.yuse.fr\/es\/traslado-taxi-vtc-saint-jean-pied-de-port\/\"]}]},{\"@type\":\"BreadcrumbList\",\"@id\":\"https:\/\/www.yuse.fr\/es\/traslado-taxi-vtc-saint-jean-pied-de-port\/#breadcrumb\",\"itemListElement\":[{\"@type\":\"ListItem\",\"position\":1,\"name\":\"Accueil\",\"item\":\"https:\/\/www.yuse.fr\/es\/\"},{\"@type\":\"ListItem\",\"position\":2,\"name\":\"traslado taxi vtc saint jean pied de port\"}]},{\"@type\":\"WebSite\",\"@id\":\"https:\/\/www.yuse.fr\/es\/#website\",\"url\":\"https:\/\/www.yuse.fr\/es\/\",\"name\":\"Application YUSE vos chauffeurs VTC 7\/24 - Biarritz Anglet Bayonne BAB\",\"description\":\"Yuse\",\"publisher\":{\"@id\":\"https:\/\/www.yuse.fr\/es\/#organization\"},\"potentialAction\":[{\"@type\":\"SearchAction\",\"target\":{\"@type\":\"EntryPoint\",\"urlTemplate\":\"https:\/\/www.yuse.fr\/es\/?s={search_term_string}\"},\"query-input\":\"required name=search_term_string\"}],\"inLanguage\":\"es\"},{\"@type\":\"Organization\",\"@id\":\"https:\/\/www.yuse.fr\/es\/#organization\",\"name\":\"Application YUSE vos chauffeurs VTC 7\/24 - Biarritz Anglet Bayonne BAB\",\"url\":\"https:\/\/www.yuse.fr\/es\/\",\"logo\":{\"@type\":\"ImageObject\",\"inLanguage\":\"es\",\"@id\":\"https:\/\/www.yuse.fr\/es\/#\/schema\/logo\/image\/\",\"url\":\"https:\/\/www.yuse.fr\/wp-content\/uploads\/2023\/06\/Design-sans-titre-77.png\",\"contentUrl\":\"https:\/\/www.yuse.fr\/wp-content\/uploads\/2023\/06\/Design-sans-titre-77.png\",\"width\":350,\"height\":100,\"caption\":\"Application YUSE vos chauffeurs VTC 7\/24 - Biarritz Anglet Bayonne BAB\"},\"image\":{\"@id\":\"https:\/\/www.yuse.fr\/es\/#\/schema\/logo\/image\/\"}}]}<\/script>\n<!-- \/ Yoast SEO plugin. -->","yoast_head_json":{"title":"traslado taxi vtc saint jean pied de port - Application YUSE vos chauffeurs VTC 7\/24 - Biarritz Anglet Bayonne BAB","robots":{"index":"index","follow":"follow","max-snippet":"max-snippet:-1","max-image-preview":"max-image-preview:large","max-video-preview":"max-video-preview:-1"},"canonical":"https:\/\/www.yuse.fr\/es\/traslado-taxi-vtc-saint-jean-pied-de-port\/","og_locale":"es_ES","og_type":"article","og_title":"traslado taxi vtc saint jean pied de port - Application YUSE vos chauffeurs VTC 7\/24 - Biarritz Anglet Bayonne BAB","og_description":"Traslado a Saint-Jean-Pied-de-Port El pueblo de Saint Jean Pied de Port est\u00e1 situado en el coraz\u00f3n del Pa\u00eds Vasco. Es una etapa importante en la ruta de peregrinaci\u00f3n a Santiago de Compostela, justo antes de cruzar los Pirineos hacia Roncesvalles, en Navarra, a unos cincuenta kil\u00f3metros al norte de Pamplona. Puede detenerse en el Monasterio [&hellip;]","og_url":"https:\/\/www.yuse.fr\/es\/traslado-taxi-vtc-saint-jean-pied-de-port\/","og_site_name":"Application YUSE vos chauffeurs VTC 7\/24 - Biarritz Anglet Bayonne BAB","article_modified_time":"2023-08-22T09:09:08+00:00","og_image":[{"url":"https:\/\/www.yuse.fr\/wp-content\/uploads\/2023\/07\/f87185_8d678a5e447547deaaab6cde067bd4edmv2.webp"}],"twitter_card":"summary_large_image","twitter_misc":{"Tiempo de lectura":"1 minuto"},"schema":{"@context":"https:\/\/schema.org","@graph":[{"@type":"WebPage","@id":"https:\/\/www.yuse.fr\/es\/traslado-taxi-vtc-saint-jean-pied-de-port\/","url":"https:\/\/www.yuse.fr\/es\/traslado-taxi-vtc-saint-jean-pied-de-port\/","name":"traslado taxi vtc saint jean pied de port - Application YUSE vos chauffeurs VTC 7\/24 - Biarritz Anglet Bayonne BAB","isPartOf":{"@id":"https:\/\/www.yuse.fr\/es\/#website"},"datePublished":"2023-07-09T14:46:29+00:00","dateModified":"2023-08-22T09:09:08+00:00","breadcrumb":{"@id":"https:\/\/www.yuse.fr\/es\/traslado-taxi-vtc-saint-jean-pied-de-port\/#breadcrumb"},"inLanguage":"es","potentialAction":[{"@type":"ReadAction","target":["https:\/\/www.yuse.fr\/es\/traslado-taxi-vtc-saint-jean-pied-de-port\/"]}]},{"@type":"BreadcrumbList","@id":"https:\/\/www.yuse.fr\/es\/traslado-taxi-vtc-saint-jean-pied-de-port\/#breadcrumb","itemListElement":[{"@type":"ListItem","position":1,"name":"Accueil","item":"https:\/\/www.yuse.fr\/es\/"},{"@type":"ListItem","position":2,"name":"traslado taxi vtc saint jean pied de port"}]},{"@type":"WebSite","@id":"https:\/\/www.yuse.fr\/es\/#website","url":"https:\/\/www.yuse.fr\/es\/","name":"Application YUSE vos chauffeurs VTC 7\/24 - Biarritz Anglet Bayonne BAB","description":"Yuse","publisher":{"@id":"https:\/\/www.yuse.fr\/es\/#organization"},"potentialAction":[{"@type":"SearchAction","target":{"@type":"EntryPoint","urlTemplate":"https:\/\/www.yuse.fr\/es\/?s={search_term_string}"},"query-input":"required name=search_term_string"}],"inLanguage":"es"},{"@type":"Organization","@id":"https:\/\/www.yuse.fr\/es\/#organization","name":"Application YUSE vos chauffeurs VTC 7\/24 - Biarritz Anglet Bayonne BAB","url":"https:\/\/www.yuse.fr\/es\/","logo":{"@type":"ImageObject","inLanguage":"es","@id":"https:\/\/www.yuse.fr\/es\/#\/schema\/logo\/image\/","url":"https:\/\/www.yuse.fr\/wp-content\/uploads\/2023\/06\/Design-sans-titre-77.png","contentUrl":"https:\/\/www.yuse.fr\/wp-content\/uploads\/2023\/06\/Design-sans-titre-77.png","width":350,"height":100,"caption":"Application YUSE vos chauffeurs VTC 7\/24 - Biarritz Anglet Bayonne BAB"},"image":{"@id":"https:\/\/www.yuse.fr\/es\/#\/schema\/logo\/image\/"}}]}},"_links":{"self":[{"href":"https:\/\/www.yuse.fr\/es\/wp-json\/wp\/v2\/pages\/4138","targetHints":{"allow":["GET"]}}],"collection":[{"href":"https:\/\/www.yuse.fr\/es\/wp-json\/wp\/v2\/pages"}],"about":[{"href":"https:\/\/www.yuse.fr\/es\/wp-json\/wp\/v2\/types\/page"}],"author":[{"embeddable":true,"href":"https:\/\/www.yuse.fr\/es\/wp-json\/wp\/v2\/users\/1"}],"replies":[{"embeddable":true,"href":"https:\/\/www.yuse.fr\/es\/wp-json\/wp\/v2\/comments?post=4138"}],"version-history":[{"count":3,"href":"https:\/\/www.yuse.fr\/es\/wp-json\/wp\/v2\/pages\/4138\/revisions"}],"predecessor-version":[{"id":4146,"href":"https:\/\/www.yuse.fr\/es\/wp-json\/wp\/v2\/pages\/4138\/revisions\/4146"}],"wp:attachment":[{"href":"https:\/\/www.yuse.fr\/es\/wp-json\/wp\/v2\/media?parent=4138"}],"curies":[{"name":"wp","href":"https:\/\/api.w.org\/{rel}","templated":true}]}}