{"id":4161,"date":"2023-07-09T15:07:29","date_gmt":"2023-07-09T15:07:29","guid":{"rendered":"https:\/\/www.yuse.fr\/traslado-a-ibardin\/"},"modified":"2023-08-22T09:10:42","modified_gmt":"2023-08-22T09:10:42","slug":"traslado-a-ibardin","status":"publish","type":"page","link":"https:\/\/www.yuse.fr\/es\/traslado-a-ibardin\/","title":{"rendered":"traslado a ibardin"},"content":{"rendered":"\t\t<div data-elementor-type=\"wp-page\" data-elementor-id=\"4161\" class=\"elementor elementor-4161 elementor-1098\" data-elementor-post-type=\"page\">\n\t\t\t\t\t\t\t\t\t<section class=\"elementor-section elementor-top-section elementor-element elementor-element-60a7f51 elementor-section-boxed elementor-section-height-default elementor-section-height-default\" data-id=\"60a7f51\" data-element_type=\"section\">\n\t\t\t\t\t\t<div class=\"elementor-container elementor-column-gap-default\">\n\t\t\t\t\t<div class=\"elementor-column elementor-col-100 elementor-top-column elementor-element elementor-element-1f5d094\" data-id=\"1f5d094\" data-element_type=\"column\">\n\t\t\t<div class=\"elementor-widget-wrap elementor-element-populated\">\n\t\t\t\t\t\t\t\t<div class=\"elementor-element elementor-element-dd38ed4 elementor-widget elementor-widget-heading\" data-id=\"dd38ed4\" data-element_type=\"widget\" data-widget_type=\"heading.default\">\n\t\t\t\t<div class=\"elementor-widget-container\">\n\t\t\t<style>\/*! elementor - v3.14.0 - 18-06-2023 *\/\n.elementor-heading-title{padding:0;margin:0;line-height:1}.elementor-widget-heading .elementor-heading-title[class*=elementor-size-]>a{color:inherit;font-size:inherit;line-height:inherit}.elementor-widget-heading .elementor-heading-title.elementor-size-small{font-size:15px}.elementor-widget-heading .elementor-heading-title.elementor-size-medium{font-size:19px}.elementor-widget-heading .elementor-heading-title.elementor-size-large{font-size:29px}.elementor-widget-heading .elementor-heading-title.elementor-size-xl{font-size:39px}.elementor-widget-heading .elementor-heading-title.elementor-size-xxl{font-size:59px}<\/style><h2 class=\"elementor-heading-title elementor-size-default\">Traslado a Le Col d'Ibardin<\/h2>\t\t<\/div>\n\t\t\t\t<\/div>\n\t\t\t\t<div class=\"elementor-element elementor-element-42045b0 elementor-widget elementor-widget-image\" data-id=\"42045b0\" data-element_type=\"widget\" data-widget_type=\"image.default\">\n\t\t\t\t<div class=\"elementor-widget-container\">\n\t\t\t<style>\/*! elementor - v3.14.0 - 18-06-2023 *\/\n.elementor-widget-image{text-align:center}.elementor-widget-image a{display:inline-block}.elementor-widget-image a img[src$=\".svg\"]{width:48px}.elementor-widget-image img{vertical-align:middle;display:inline-block}<\/style>\t\t\t\t\t\t\t\t\t\t\t\t<img loading=\"lazy\" decoding=\"async\" width=\"658\" height=\"494\" src=\"https:\/\/www.yuse.fr\/wp-content\/uploads\/2023\/07\/col-ibardin.webp\" class=\"attachment-large size-large wp-image-2356\" alt=\"\" srcset=\"https:\/\/www.yuse.fr\/wp-content\/uploads\/2023\/07\/col-ibardin.webp 658w, https:\/\/www.yuse.fr\/wp-content\/uploads\/2023\/07\/col-ibardin-300x225.webp 300w\" sizes=\"auto, (max-width: 658px) 100vw, 658px\" \/>\t\t\t\t\t\t\t\t\t\t\t\t\t\t\t<\/div>\n\t\t\t\t<\/div>\n\t\t\t\t<div class=\"elementor-element elementor-element-804c9a1 elementor-widget elementor-widget-text-editor\" data-id=\"804c9a1\" data-element_type=\"widget\" data-widget_type=\"text-editor.default\">\n\t\t\t\t<div class=\"elementor-widget-container\">\n\t\t\t<style>\/*! elementor - v3.14.0 - 18-06-2023 *\/\n.elementor-widget-text-editor.elementor-drop-cap-view-stacked .elementor-drop-cap{background-color:#69727d;color:#fff}.elementor-widget-text-editor.elementor-drop-cap-view-framed .elementor-drop-cap{color:#69727d;border:3px solid;background-color:transparent}.elementor-widget-text-editor:not(.elementor-drop-cap-view-default) .elementor-drop-cap{margin-top:8px}.elementor-widget-text-editor:not(.elementor-drop-cap-view-default) .elementor-drop-cap-letter{width:1em;height:1em}.elementor-widget-text-editor .elementor-drop-cap{float:left;text-align:center;line-height:1;font-size:50px}.elementor-widget-text-editor .elementor-drop-cap-letter{display:inline-block}<\/style>\t\t\t\t<p>El Col d&#8217;Ibardin, a 317 metros de altura, ofrece unas vistas impresionantes de toda la Costa Vasca, y en un d\u00eda despejado se pueden ver incluso las playas de la C\u00f4te Landaise.<\/p>\n<p>En la frontera entre la regi\u00f3n de los Pirineos Atl\u00e1nticos, en Francia, y la Comunidad Foral de Navarra, en Espa\u00f1a, encontrar\u00e1 numerosos restaurantes donde degustar la cocina espa\u00f1ola, incluidas las croquetas de jam\u00f3n serrano.<\/p>\n<p>Para los m\u00e1s aventureros, encontrar\u00e1n el inicio de varias rutas de senderismo que les llevar\u00e1n hasta el lago Xoldokogaina. Aqu\u00ed tienen una foto de la ruta.<\/p>\n\t\t\t\t\t\t<\/div>\n\t\t\t\t<\/div>\n\t\t\t\t<div class=\"elementor-element elementor-element-f1fbd0c elementor-widget elementor-widget-image\" data-id=\"f1fbd0c\" data-element_type=\"widget\" data-widget_type=\"image.default\">\n\t\t\t\t<div class=\"elementor-widget-container\">\n\t\t\t\t\t\t\t\t\t\t\t\t\t\t\t<img loading=\"lazy\" decoding=\"async\" width=\"600\" height=\"403\" src=\"https:\/\/www.yuse.fr\/wp-content\/uploads\/2023\/07\/barrage-lac-Xoldokogaina.webp\" class=\"attachment-large size-large wp-image-2359\" alt=\"\" srcset=\"https:\/\/www.yuse.fr\/wp-content\/uploads\/2023\/07\/barrage-lac-Xoldokogaina.webp 600w, https:\/\/www.yuse.fr\/wp-content\/uploads\/2023\/07\/barrage-lac-Xoldokogaina-300x202.webp 300w\" sizes=\"auto, (max-width: 600px) 100vw, 600px\" \/>\t\t\t\t\t\t\t\t\t\t\t\t\t\t\t<\/div>\n\t\t\t\t<\/div>\n\t\t\t\t<div class=\"elementor-element elementor-element-731766b elementor-widget elementor-widget-image\" data-id=\"731766b\" data-element_type=\"widget\" data-widget_type=\"image.default\">\n\t\t\t\t<div class=\"elementor-widget-container\">\n\t\t\t\t\t\t\t\t\t\t\t\t\t\t\t<img loading=\"lazy\" decoding=\"async\" width=\"800\" height=\"433\" src=\"https:\/\/www.yuse.fr\/wp-content\/uploads\/2023\/07\/lac-de-Xoldokogaina.webp\" class=\"attachment-large size-large wp-image-2362\" alt=\"\" srcset=\"https:\/\/www.yuse.fr\/wp-content\/uploads\/2023\/07\/lac-de-Xoldokogaina.webp 978w, https:\/\/www.yuse.fr\/wp-content\/uploads\/2023\/07\/lac-de-Xoldokogaina-300x162.webp 300w, https:\/\/www.yuse.fr\/wp-content\/uploads\/2023\/07\/lac-de-Xoldokogaina-768x415.webp 768w\" sizes=\"auto, (max-width: 800px) 100vw, 800px\" \/>\t\t\t\t\t\t\t\t\t\t\t\t\t\t\t<\/div>\n\t\t\t\t<\/div>\n\t\t\t\t<div class=\"elementor-element elementor-element-cb5d039 elementor-widget elementor-widget-text-editor\" data-id=\"cb5d039\" data-element_type=\"widget\" data-widget_type=\"text-editor.default\">\n\t\t\t\t<div class=\"elementor-widget-container\">\n\t\t\t\t\t\t\t<p>Antes de partir, no olvides abastecerte de alcohol, cigarrillos y aceite de oliva. En la tienda BIOK tambi\u00e9n encontrar\u00e1s muy buena carne para reponer fuerzas tras el esfuerzo.<\/p>\n\t\t\t\t\t\t<\/div>\n\t\t\t\t<\/div>\n\t\t\t\t<div class=\"elementor-element elementor-element-02c877f elementor-widget elementor-widget-image\" data-id=\"02c877f\" data-element_type=\"widget\" data-widget_type=\"image.default\">\n\t\t\t\t<div class=\"elementor-widget-container\">\n\t\t\t\t\t\t\t\t\t\t\t\t\t\t\t<img loading=\"lazy\" decoding=\"async\" width=\"800\" height=\"339\" src=\"https:\/\/www.yuse.fr\/wp-content\/uploads\/2023\/07\/col-ibardin-biok.webp\" class=\"attachment-large size-large wp-image-2365\" alt=\"\" srcset=\"https:\/\/www.yuse.fr\/wp-content\/uploads\/2023\/07\/col-ibardin-biok.webp 978w, https:\/\/www.yuse.fr\/wp-content\/uploads\/2023\/07\/col-ibardin-biok-300x127.webp 300w, https:\/\/www.yuse.fr\/wp-content\/uploads\/2023\/07\/col-ibardin-biok-768x325.webp 768w\" sizes=\"auto, (max-width: 800px) 100vw, 800px\" \/>\t\t\t\t\t\t\t\t\t\t\t\t\t\t\t<\/div>\n\t\t\t\t<\/div>\n\t\t\t\t<div class=\"elementor-element elementor-element-e72cad5 elementor-align-center elementor-widget elementor-widget-button\" data-id=\"e72cad5\" data-element_type=\"widget\" data-widget_type=\"button.default\">\n\t\t\t\t<div class=\"elementor-widget-container\">\n\t\t\t\t\t<div class=\"elementor-button-wrapper\">\n\t\t\t<a class=\"elementor-button elementor-button-link elementor-size-md\" href=\"https:\/\/www.yuse.fr\/es\/reservar-taxi-vtc-biarritz-bayona\/\">\n\t\t\t\t\t\t<span class=\"elementor-button-content-wrapper\">\n\t\t\t\t\t\t<span class=\"elementor-button-text\">Reservo aqu\u00ed<\/span>\n\t\t<\/span>\n\t\t\t\t\t<\/a>\n\t\t<\/div>\n\t\t\t\t<\/div>\n\t\t\t\t<\/div>\n\t\t\t\t\t<\/div>\n\t\t<\/div>\n\t\t\t\t\t\t\t<\/div>\n\t\t<\/section>\n\t\t\t\t\t\t\t<\/div>\n\t\t","protected":false},"excerpt":{"rendered":"<p>Traslado a Le Col d&#8217;Ibardin El Col d&#8217;Ibardin, a 317 metros de altura, ofrece unas vistas impresionantes de toda la Costa Vasca, y en un d\u00eda despejado se pueden ver incluso las playas de la C\u00f4te Landaise. En la frontera entre la regi\u00f3n de los Pirineos Atl\u00e1nticos, en Francia, y la Comunidad Foral de Navarra, [&hellip;]<\/p>\n","protected":false},"author":1,"featured_media":0,"parent":0,"menu_order":0,"comment_status":"closed","ping_status":"closed","template":"","meta":{"footnotes":""},"class_list":["post-4161","page","type-page","status-publish","hentry"],"yoast_head":"<!-- This site is optimized with the Yoast SEO plugin v21.1 - https:\/\/yoast.com\/wordpress\/plugins\/seo\/ -->\n<title>traslado a ibardin - Application YUSE vos chauffeurs VTC 7\/24 - Biarritz Anglet Bayonne BAB<\/title>\n<meta name=\"robots\" content=\"index, follow, max-snippet:-1, max-image-preview:large, max-video-preview:-1\" \/>\n<link rel=\"canonical\" href=\"https:\/\/www.yuse.fr\/es\/traslado-a-ibardin\/\" \/>\n<meta property=\"og:locale\" content=\"es_ES\" \/>\n<meta property=\"og:type\" content=\"article\" \/>\n<meta property=\"og:title\" content=\"traslado a ibardin - Application YUSE vos chauffeurs VTC 7\/24 - Biarritz Anglet Bayonne BAB\" \/>\n<meta property=\"og:description\" content=\"Traslado a Le Col d&#8217;Ibardin El Col d&#8217;Ibardin, a 317 metros de altura, ofrece unas vistas impresionantes de toda la Costa Vasca, y en un d\u00eda despejado se pueden ver incluso las playas de la C\u00f4te Landaise. En la frontera entre la regi\u00f3n de los Pirineos Atl\u00e1nticos, en Francia, y la Comunidad Foral de Navarra, [&hellip;]\" \/>\n<meta property=\"og:url\" content=\"https:\/\/www.yuse.fr\/es\/traslado-a-ibardin\/\" \/>\n<meta property=\"og:site_name\" content=\"Application YUSE vos chauffeurs VTC 7\/24 - Biarritz Anglet Bayonne BAB\" \/>\n<meta property=\"article:modified_time\" content=\"2023-08-22T09:10:42+00:00\" \/>\n<meta property=\"og:image\" content=\"https:\/\/www.yuse.fr\/wp-content\/uploads\/2023\/07\/col-ibardin.webp\" \/>\n<meta name=\"twitter:card\" content=\"summary_large_image\" \/>\n<meta name=\"twitter:label1\" content=\"Tiempo de lectura\" \/>\n\t<meta name=\"twitter:data1\" content=\"1 minuto\" \/>\n<script type=\"application\/ld+json\" class=\"yoast-schema-graph\">{\"@context\":\"https:\/\/schema.org\",\"@graph\":[{\"@type\":\"WebPage\",\"@id\":\"https:\/\/www.yuse.fr\/es\/traslado-a-ibardin\/\",\"url\":\"https:\/\/www.yuse.fr\/es\/traslado-a-ibardin\/\",\"name\":\"traslado a ibardin - Application YUSE vos chauffeurs VTC 7\/24 - Biarritz Anglet Bayonne BAB\",\"isPartOf\":{\"@id\":\"https:\/\/www.yuse.fr\/es\/#website\"},\"datePublished\":\"2023-07-09T15:07:29+00:00\",\"dateModified\":\"2023-08-22T09:10:42+00:00\",\"breadcrumb\":{\"@id\":\"https:\/\/www.yuse.fr\/es\/traslado-a-ibardin\/#breadcrumb\"},\"inLanguage\":\"es\",\"potentialAction\":[{\"@type\":\"ReadAction\",\"target\":[\"https:\/\/www.yuse.fr\/es\/traslado-a-ibardin\/\"]}]},{\"@type\":\"BreadcrumbList\",\"@id\":\"https:\/\/www.yuse.fr\/es\/traslado-a-ibardin\/#breadcrumb\",\"itemListElement\":[{\"@type\":\"ListItem\",\"position\":1,\"name\":\"Accueil\",\"item\":\"https:\/\/www.yuse.fr\/es\/\"},{\"@type\":\"ListItem\",\"position\":2,\"name\":\"traslado a ibardin\"}]},{\"@type\":\"WebSite\",\"@id\":\"https:\/\/www.yuse.fr\/es\/#website\",\"url\":\"https:\/\/www.yuse.fr\/es\/\",\"name\":\"Application YUSE vos chauffeurs VTC 7\/24 - Biarritz Anglet Bayonne BAB\",\"description\":\"Yuse\",\"publisher\":{\"@id\":\"https:\/\/www.yuse.fr\/es\/#organization\"},\"potentialAction\":[{\"@type\":\"SearchAction\",\"target\":{\"@type\":\"EntryPoint\",\"urlTemplate\":\"https:\/\/www.yuse.fr\/es\/?s={search_term_string}\"},\"query-input\":\"required name=search_term_string\"}],\"inLanguage\":\"es\"},{\"@type\":\"Organization\",\"@id\":\"https:\/\/www.yuse.fr\/es\/#organization\",\"name\":\"Application YUSE vos chauffeurs VTC 7\/24 - Biarritz Anglet Bayonne BAB\",\"url\":\"https:\/\/www.yuse.fr\/es\/\",\"logo\":{\"@type\":\"ImageObject\",\"inLanguage\":\"es\",\"@id\":\"https:\/\/www.yuse.fr\/es\/#\/schema\/logo\/image\/\",\"url\":\"https:\/\/www.yuse.fr\/wp-content\/uploads\/2023\/06\/Design-sans-titre-77.png\",\"contentUrl\":\"https:\/\/www.yuse.fr\/wp-content\/uploads\/2023\/06\/Design-sans-titre-77.png\",\"width\":350,\"height\":100,\"caption\":\"Application YUSE vos chauffeurs VTC 7\/24 - Biarritz Anglet Bayonne BAB\"},\"image\":{\"@id\":\"https:\/\/www.yuse.fr\/es\/#\/schema\/logo\/image\/\"}}]}<\/script>\n<!-- \/ Yoast SEO plugin. -->","yoast_head_json":{"title":"traslado a ibardin - Application YUSE vos chauffeurs VTC 7\/24 - Biarritz Anglet Bayonne BAB","robots":{"index":"index","follow":"follow","max-snippet":"max-snippet:-1","max-image-preview":"max-image-preview:large","max-video-preview":"max-video-preview:-1"},"canonical":"https:\/\/www.yuse.fr\/es\/traslado-a-ibardin\/","og_locale":"es_ES","og_type":"article","og_title":"traslado a ibardin - Application YUSE vos chauffeurs VTC 7\/24 - Biarritz Anglet Bayonne BAB","og_description":"Traslado a Le Col d&#8217;Ibardin El Col d&#8217;Ibardin, a 317 metros de altura, ofrece unas vistas impresionantes de toda la Costa Vasca, y en un d\u00eda despejado se pueden ver incluso las playas de la C\u00f4te Landaise. En la frontera entre la regi\u00f3n de los Pirineos Atl\u00e1nticos, en Francia, y la Comunidad Foral de Navarra, [&hellip;]","og_url":"https:\/\/www.yuse.fr\/es\/traslado-a-ibardin\/","og_site_name":"Application YUSE vos chauffeurs VTC 7\/24 - Biarritz Anglet Bayonne BAB","article_modified_time":"2023-08-22T09:10:42+00:00","og_image":[{"url":"https:\/\/www.yuse.fr\/wp-content\/uploads\/2023\/07\/col-ibardin.webp"}],"twitter_card":"summary_large_image","twitter_misc":{"Tiempo de lectura":"1 minuto"},"schema":{"@context":"https:\/\/schema.org","@graph":[{"@type":"WebPage","@id":"https:\/\/www.yuse.fr\/es\/traslado-a-ibardin\/","url":"https:\/\/www.yuse.fr\/es\/traslado-a-ibardin\/","name":"traslado a ibardin - Application YUSE vos chauffeurs VTC 7\/24 - Biarritz Anglet Bayonne BAB","isPartOf":{"@id":"https:\/\/www.yuse.fr\/es\/#website"},"datePublished":"2023-07-09T15:07:29+00:00","dateModified":"2023-08-22T09:10:42+00:00","breadcrumb":{"@id":"https:\/\/www.yuse.fr\/es\/traslado-a-ibardin\/#breadcrumb"},"inLanguage":"es","potentialAction":[{"@type":"ReadAction","target":["https:\/\/www.yuse.fr\/es\/traslado-a-ibardin\/"]}]},{"@type":"BreadcrumbList","@id":"https:\/\/www.yuse.fr\/es\/traslado-a-ibardin\/#breadcrumb","itemListElement":[{"@type":"ListItem","position":1,"name":"Accueil","item":"https:\/\/www.yuse.fr\/es\/"},{"@type":"ListItem","position":2,"name":"traslado a ibardin"}]},{"@type":"WebSite","@id":"https:\/\/www.yuse.fr\/es\/#website","url":"https:\/\/www.yuse.fr\/es\/","name":"Application YUSE vos chauffeurs VTC 7\/24 - Biarritz Anglet Bayonne BAB","description":"Yuse","publisher":{"@id":"https:\/\/www.yuse.fr\/es\/#organization"},"potentialAction":[{"@type":"SearchAction","target":{"@type":"EntryPoint","urlTemplate":"https:\/\/www.yuse.fr\/es\/?s={search_term_string}"},"query-input":"required name=search_term_string"}],"inLanguage":"es"},{"@type":"Organization","@id":"https:\/\/www.yuse.fr\/es\/#organization","name":"Application YUSE vos chauffeurs VTC 7\/24 - Biarritz Anglet Bayonne BAB","url":"https:\/\/www.yuse.fr\/es\/","logo":{"@type":"ImageObject","inLanguage":"es","@id":"https:\/\/www.yuse.fr\/es\/#\/schema\/logo\/image\/","url":"https:\/\/www.yuse.fr\/wp-content\/uploads\/2023\/06\/Design-sans-titre-77.png","contentUrl":"https:\/\/www.yuse.fr\/wp-content\/uploads\/2023\/06\/Design-sans-titre-77.png","width":350,"height":100,"caption":"Application YUSE vos chauffeurs VTC 7\/24 - Biarritz Anglet Bayonne BAB"},"image":{"@id":"https:\/\/www.yuse.fr\/es\/#\/schema\/logo\/image\/"}}]}},"_links":{"self":[{"href":"https:\/\/www.yuse.fr\/es\/wp-json\/wp\/v2\/pages\/4161","targetHints":{"allow":["GET"]}}],"collection":[{"href":"https:\/\/www.yuse.fr\/es\/wp-json\/wp\/v2\/pages"}],"about":[{"href":"https:\/\/www.yuse.fr\/es\/wp-json\/wp\/v2\/types\/page"}],"author":[{"embeddable":true,"href":"https:\/\/www.yuse.fr\/es\/wp-json\/wp\/v2\/users\/1"}],"replies":[{"embeddable":true,"href":"https:\/\/www.yuse.fr\/es\/wp-json\/wp\/v2\/comments?post=4161"}],"version-history":[{"count":3,"href":"https:\/\/www.yuse.fr\/es\/wp-json\/wp\/v2\/pages\/4161\/revisions"}],"predecessor-version":[{"id":4172,"href":"https:\/\/www.yuse.fr\/es\/wp-json\/wp\/v2\/pages\/4161\/revisions\/4172"}],"wp:attachment":[{"href":"https:\/\/www.yuse.fr\/es\/wp-json\/wp\/v2\/media?parent=4161"}],"curies":[{"name":"wp","href":"https:\/\/api.w.org\/{rel}","templated":true}]}}